{"id":36525,"date":"2025-04-05T15:16:09","date_gmt":"2025-04-05T15:16:09","guid":{"rendered":"https:\/\/kemubox.com\/producto\/yellow-replacement-pack\/"},"modified":"2025-09-18T09:43:37","modified_gmt":"2025-09-18T09:43:37","slug":"yellow-replacement-pack","status":"publish","type":"product","link":"https:\/\/kemubox.com\/en\/producto\/yellow-replacement-pack\/","title":{"rendered":"Yellow Replacement Pack"},"content":{"rendered":"<div class=\"wpb-content-wrapper\"><p>[vc_row gap=&#8221;30&#8243; woodmart_css_id=&#8221;67f7866911d06&#8243; responsive_spacing=&#8221;eyJwYXJhbV90eXBlIjoid29vZG1hcnRfcmVzcG9uc2l2ZV9zcGFjaW5nIiwic2VsZWN0b3JfaWQiOiI2N2Y3ODY2OTExZDA2Iiwic2hvcnRjb2RlIjoidmNfcm93IiwiZGF0YSI6eyJ0YWJsZXQiOnt9LCJtb2JpbGUiOnt9fX0=&#8221; mobile_bg_img_hidden=&#8221;no&#8221; tablet_bg_img_hidden=&#8221;no&#8221; woodmart_parallax=&#8221;0&#8243; woodmart_gradient_switch=&#8221;no&#8221; woodmart_box_shadow=&#8221;no&#8221; wd_z_index=&#8221;no&#8221; woodmart_disable_overflow=&#8221;0&#8243; row_reverse_mobile=&#8221;0&#8243; row_reverse_tablet=&#8221;0&#8243;][vc_column width=&#8221;1\/2&#8243; woodmart_css_id=&#8221;67f7860f4a2d3&#8243; parallax_scroll=&#8221;no&#8221; woodmart_sticky_column=&#8221;false&#8221; wd_collapsible_content_switcher=&#8221;no&#8221; wd_column_role_offcanvas_desktop=&#8221;no&#8221; wd_column_role_offcanvas_tablet=&#8221;no&#8221; wd_column_role_offcanvas_mobile=&#8221;no&#8221; wd_column_role_content_desktop=&#8221;no&#8221; wd_column_role_content_tablet=&#8221;no&#8221; wd_column_role_content_mobile=&#8221;no&#8221; mobile_bg_img_hidden=&#8221;no&#8221; tablet_bg_img_hidden=&#8221;no&#8221; woodmart_parallax=&#8221;0&#8243; woodmart_box_shadow=&#8221;no&#8221; responsive_spacing=&#8221;eyJwYXJhbV90eXBlIjoid29vZG1hcnRfcmVzcG9uc2l2ZV9zcGFjaW5nIiwic2VsZWN0b3JfaWQiOiI2N2Y3ODYwZjRhMmQzIiwic2hvcnRjb2RlIjoidmNfY29sdW1uIiwiZGF0YSI6eyJ0YWJsZXQiOnsicGFkZGluZy1yaWdodCI6IjIwcHgifSwibW9iaWxlIjp7fX19&#8243; mobile_reset_margin=&#8221;no&#8221; tablet_reset_margin=&#8221;no&#8221; wd_z_index=&#8221;no&#8221;]\n\t\t<div id=\"wd-680a566290004\" class=\"title-wrapper wd-wpb wd-set-mb reset-last-child  wd-rs-680a566290004 wd-title-color-default wd-title-style-default text-left  wd-underline-colored\">\n\t\t\t\n\t\t\t<div class=\"liner-continer\">\n\t\t\t\t<h2 class=\"woodmart-title-container title  wd-font-weight- wd-fontsize-xl\" ><em>Yellow Replacement Pack<\/em><\/h2>\n\t\t\t\t\t\t\t<\/div>\n\t\t\t\n\t\t\t\n\t\t\t\n\t\t<\/div>\n\t\t\n\t\t[vc_column_text css=&#8221;&#8221; woodmart_inline=&#8221;no&#8221; text_larger=&#8221;no&#8221;]<strong>More games, more fun!<\/strong><\/p>\n<p>With this pack, you can reuse your Kemu BOX as many times as you want.<br \/>\nIncludes:<\/p>\n<p>&#8211; 2 trays with 15 circles each<br \/>\n&#8211; 30 yellow sheets to keep playing non-stop.<\/p>\n<p>Ideal if:[\/vc_column_text]\n\t\t<ul class=\" wd-rs-680a0f9433806 wd-list wd-wpb color-scheme- wd-fontsize-xs wd-type-icon wd-style-default text-left list-recambios \" id=\"wd-680a0f9433806\">\n\t\t\t\t\t\t\t\t\t\t\t<li>\n\t\t\t\t\t<span class=\"wd-icon fa fa-solid fa-check\"><\/span>\n\t\t\t\t\t<span class=\"wd-list-content list-content\">\n\t\t\t\t\t\t\t\t\t\t\t\t\tYou have more than 30 players and want to have more than 2 trays ready for action.\t\t\t\t\t\t\t\t\t\t\t<\/span>\n\t\t\t\t<\/li>\n\t\t\t\t\t\t\t\t\t\t\t<li>\n\t\t\t\t\t<span class=\"wd-icon fa fa-solid fa-check\"><\/span>\n\t\t\t\t\t<span class=\"wd-list-content list-content\">\n\t\t\t\t\t\t\t\t\t\t\t\t\tYou want to use your Kemu BOX several times at the same event without having to peel and stick sheets.\n\t\t\t\t\t\t\t\t\t\t\t<\/span>\n\t\t\t\t<\/li>\n\t\t\t\t\t\t\t\t\t\t\t<li>\n\t\t\t\t\t<span class=\"wd-icon fa fa-solid fa-check\"><\/span>\n\t\t\t\t\t<span class=\"wd-list-content list-content\">\n\t\t\t\t\t\t\t\t\t\t\t\t\tYou feel like changing colours and giving your Kemu BOX a new look.\t\t\t\t\t\t\t\t\t\t\t<\/span>\n\t\t\t\t<\/li>\n\t\t\t\t\t<\/ul>\n\t\t[vc_column_text css=&#8221;&#8221; woodmart_inline=&#8221;no&#8221; text_larger=&#8221;no&#8221;]<strong>Compatible with all Kemu BOX models.<\/strong>[\/vc_column_text][\/vc_column][vc_column width=&#8221;1\/2&#8243;]\t\t<div class=\"wd-wpb wd-rs-67f785a1c9b45\">\n\t\t\t<div class=\"wd-el-table-wrap wd-reset-all-last\">\n\t\t\t\t<table class=\"wd-el-table\">\n\t\t\t\t\t<tbody class=\"text-left\">\n\t\t\t\t\t\t\t\t<tr class=\" wd-rs-680a0b60de5ff\">\n\t\t\t\t\t\t\t\t\t\t\t\t\t\t<th colspan=\"1\" rowspan=\"1\">\n\t\t\t\t\t\t\t\t\t\t\t\t\tReferencia\t\t\t\t\t\t\t\t\t\t\t<\/th>\n\t\t\t\t\t\t\t\t\t\t\t\t\t\t<th colspan=\"1\" rowspan=\"1\">\n\t\t\t\t\t\t\t\t\t\t\t\t\tPack Recambio azul\t\t\t\t\t\t\t\t\t\t\t<\/th>\n\t\t\t\t\t\t\t<\/tr>\n\t\t\t\t\t<tr class=\" wd-rs-680a3d5bddade\">\n\t\t\t\t\t\t\t\t\t\t\t\t\t\t<td colspan=\"1\" rowspan=\"1\">\n\t\t\t\t\t\t\t\t\t\t\t\t\tDimensiones \nde las hojas\t\t\t\t\t\t\t\t\t\t\t<\/td>\n\t\t\t\t\t\t\t\t\t\t\t\t\t\t<td colspan=\"1\" rowspan=\"1\">\n\t\t\t\t\t\t\t\t\t\t\t\t\t50cm x 70cm\t\t\t\t\t\t\t\t\t\t\t<\/td>\n\t\t\t\t\t\t\t<\/tr>\n\t\t\t\t\t<tr class=\" wd-rs-680a3d67b0f09\">\n\t\t\t\t\t\t\t\t\t\t\t\t\t\t<td colspan=\"1\" rowspan=\"1\">\n\t\t\t\t\t\t\t\t\t\t\t\t\tDimensiones \nde las bandejas\t\t\t\t\t\t\t\t\t\t\t<\/td>\n\t\t\t\t\t\t\t\t\t\t\t\t\t\t<td colspan=\"1\" rowspan=\"1\">\n\t\t\t\t\t\t\t\t\t\t\t\t\t50cm x 70cm\t\t\t\t\t\t\t\t\t\t\t<\/td>\n\t\t\t\t\t\t\t<\/tr>\n\t\t\t\t\t<tr class=\" wd-rs-680a0bcd8497c\">\n\t\t\t\t\t\t\t\t\t\t\t\t\t\t<td colspan=\"1\" rowspan=\"1\">\n\t\t\t\t\t\t\t\t\t\t\t\t\tDimensiones Packaging\t\t\t\t\t\t\t\t\t\t\t<\/td>\n\t\t\t\t\t\t\t\t\t\t\t\t\t\t<td colspan=\"1\" rowspan=\"1\">\n\t\t\t\t\t\t\t\t\t\t\t\t\t51cm x 71cm x 1,8cm\t\t\t\t\t\t\t\t\t\t\t<\/td>\n\t\t\t\t\t\t\t<\/tr>\n\t\t\t\t\t<tr class=\" wd-rs-680a0bee4b157\">\n\t\t\t\t\t\t\t\t\t\t\t\t\t\t<td colspan=\"1\" rowspan=\"1\">\n\t\t\t\t\t\t\t\t\t\t\t\t\tPeso\t\t\t\t\t\t\t\t\t\t\t<\/td>\n\t\t\t\t\t\t\t\t\t\t\t\t\t\t<td colspan=\"1\" rowspan=\"1\">\n\t\t\t\t\t\t\t\t\t\t\t\t\t0,3 kg\t\t\t\t\t\t\t\t\t\t\t<\/td>\n\t\t\t\t\t\t\t<\/tr>\n\t\t\t\t\t<tr class=\" wd-rs-680a5646a18bb\">\n\t\t\t\t\t\t\t\t\t\t\t\t\t\t<td colspan=\"1\" rowspan=\"1\">\n\t\t\t\t\t\t\t\t\t\t\t\t\tEAN\t\t\t\t\t\t\t\t\t\t\t<\/td>\n\t\t\t\t\t\t\t\t\t\t\t\t\t\t<td colspan=\"1\" rowspan=\"1\">\n\t\t\t\t\t\t\t\t\t\t\t\t\t8437027783128\t\t\t\t\t\t\t\t\t\t\t<\/td>\n\t\t\t\t\t\t\t<\/tr>\n\t\t\t\t\t\t\t<\/tbody>\n\t\t\t\t<\/table>\n\t\t\t<\/div>\n\t\t<\/div>\n\t\t[vc_row_inner][vc_column_inner][\/vc_column_inner][\/vc_row_inner][vc_column_text css=&#8221;&#8221; woodmart_inline=&#8221;no&#8221; text_larger=&#8221;no&#8221;]<em><strong>Extra tip:<\/strong><\/em> Customise the box with your party colours and motifs before playing. It will be an extra decoration&#8230; and also the most fun one![\/vc_column_text][\/vc_column][\/vc_row]<\/p>\n<\/div>","protected":false},"excerpt":{"rendered":"<p><strong>Your yellow refill Pack includes:<\/strong><\/p>\n<ul>\n<li>2 trays with 15 circles on each<\/li>\n<li>30 yellow sheets for playing again and again<\/li>\n<\/ul>\n<p><img loading=\"lazy\" decoding=\"async\" class=\"alignnone size-full wp-image-35656\" src=\"https:\/\/kemubox.com\/wp-content\/uploads\/2025\/06\/Logo-CE.png\" alt=\"\" width=\"60\" height=\"60\"><\/p>\n","protected":false},"featured_media":36118,"template":"","meta":[],"product_brand":[],"product_cat":[106],"product_tag":[],"class_list":{"0":"post-36525","1":"product","2":"type-product","3":"status-publish","4":"has-post-thumbnail","6":"product_cat-spare-parts","8":"first","9":"instock","10":"taxable","11":"shipping-taxable","12":"purchasable","13":"product-type-simple"},"yoast_head":"<!-- This site is optimized with the Yoast SEO plugin v27.2 - https:\/\/yoast.com\/product\/yoast-seo-wordpress\/ -->\n<title>Kemu BOX - Yellow Refill Pack. More games, more fun!<\/title>\n<meta name=\"description\" content=\"Reuse your Kemu BOX as many times as you want. The pack includes 2 trays with 15 circles each and 30 yellow sheets so you can keep playing non-stop.\" \/>\n<meta name=\"robots\" content=\"index, follow, max-snippet:-1, max-image-preview:large, max-video-preview:-1\" \/>\n<link rel=\"canonical\" href=\"https:\/\/kemubox.com\/en\/producto\/yellow-replacement-pack\/\" \/>\n<meta property=\"og:locale\" content=\"en_US\" \/>\n<meta property=\"og:type\" content=\"article\" \/>\n<meta property=\"og:title\" content=\"Kemu BOX - Yellow Refill Pack. More games, more fun!\" \/>\n<meta property=\"og:description\" content=\"Reuse your Kemu BOX as many times as you want. The pack includes 2 trays with 15 circles each and 30 yellow sheets so you can keep playing non-stop.\" \/>\n<meta property=\"og:url\" content=\"https:\/\/kemubox.com\/en\/producto\/yellow-replacement-pack\/\" \/>\n<meta property=\"og:site_name\" content=\"Kemu BOX - El mejor Juego o Pi\u00f1ata\" \/>\n<meta property=\"article:modified_time\" content=\"2025-09-18T09:43:37+00:00\" \/>\n<meta property=\"og:image\" content=\"https:\/\/kemubox.com\/wp-content\/uploads\/2025\/05\/REC-Folder-Big-open-YELLOWBandejas.jpg\" \/>\n\t<meta property=\"og:image:width\" content=\"1200\" \/>\n\t<meta property=\"og:image:height\" content=\"1200\" \/>\n\t<meta property=\"og:image:type\" content=\"image\/jpeg\" \/>\n<meta name=\"twitter:card\" content=\"summary_large_image\" \/>\n<meta name=\"twitter:label1\" content=\"Est. reading time\" \/>\n\t<meta name=\"twitter:data1\" content=\"1 minute\" \/>\n<script type=\"application\/ld+json\" class=\"yoast-schema-graph\">{\"@context\":\"https:\/\/schema.org\",\"@graph\":[{\"@type\":\"WebPage\",\"@id\":\"https:\/\/kemubox.com\/en\/producto\/yellow-replacement-pack\/\",\"url\":\"https:\/\/kemubox.com\/en\/producto\/yellow-replacement-pack\/\",\"name\":\"Kemu BOX - Yellow Refill Pack. More games, more fun!\",\"isPartOf\":{\"@id\":\"https:\/\/kemubox.com\/en\/#website\"},\"primaryImageOfPage\":{\"@id\":\"https:\/\/kemubox.com\/en\/producto\/yellow-replacement-pack\/#primaryimage\"},\"image\":{\"@id\":\"https:\/\/kemubox.com\/en\/producto\/yellow-replacement-pack\/#primaryimage\"},\"thumbnailUrl\":\"https:\/\/kemubox.com\/wp-content\/uploads\/2025\/05\/REC-Folder-Big-open-YELLOWBandejas.jpg\",\"datePublished\":\"2025-04-05T15:16:09+00:00\",\"dateModified\":\"2025-09-18T09:43:37+00:00\",\"description\":\"Reuse your Kemu BOX as many times as you want. The pack includes 2 trays with 15 circles each and 30 yellow sheets so you can keep playing non-stop.\",\"breadcrumb\":{\"@id\":\"https:\/\/kemubox.com\/en\/producto\/yellow-replacement-pack\/#breadcrumb\"},\"inLanguage\":\"en-US\",\"potentialAction\":[{\"@type\":\"ReadAction\",\"target\":[\"https:\/\/kemubox.com\/en\/producto\/yellow-replacement-pack\/\"]}]},{\"@type\":\"ImageObject\",\"inLanguage\":\"en-US\",\"@id\":\"https:\/\/kemubox.com\/en\/producto\/yellow-replacement-pack\/#primaryimage\",\"url\":\"https:\/\/kemubox.com\/wp-content\/uploads\/2025\/05\/REC-Folder-Big-open-YELLOWBandejas.jpg\",\"contentUrl\":\"https:\/\/kemubox.com\/wp-content\/uploads\/2025\/05\/REC-Folder-Big-open-YELLOWBandejas.jpg\",\"width\":1200,\"height\":1200},{\"@type\":\"BreadcrumbList\",\"@id\":\"https:\/\/kemubox.com\/en\/producto\/yellow-replacement-pack\/#breadcrumb\",\"itemListElement\":[{\"@type\":\"ListItem\",\"position\":1,\"name\":\"Portada\",\"item\":\"https:\/\/kemubox.com\/en\/\"},{\"@type\":\"ListItem\",\"position\":2,\"name\":\"Shop\",\"item\":\"https:\/\/kemubox.com\/en\/shop\/\"},{\"@type\":\"ListItem\",\"position\":3,\"name\":\"Yellow Replacement Pack\"}]},{\"@type\":\"WebSite\",\"@id\":\"https:\/\/kemubox.com\/en\/#website\",\"url\":\"https:\/\/kemubox.com\/en\/\",\"name\":\"Kemubox - tienda online\",\"description\":\"Un juego lleno de sorpresas, desaf\u00edos y premios para todas las edades y ocasiones. Perfecta para cumplea\u00f1os, bodas, teambuilding y cualquier ocasi\u00f3n especial.\",\"publisher\":{\"@id\":\"https:\/\/kemubox.com\/en\/#\/schema\/person\/04587a4462cafc11cf4aaa0eb6f8cde9\"},\"potentialAction\":[{\"@type\":\"SearchAction\",\"target\":{\"@type\":\"EntryPoint\",\"urlTemplate\":\"https:\/\/kemubox.com\/en\/?s={search_term_string}\"},\"query-input\":{\"@type\":\"PropertyValueSpecification\",\"valueRequired\":true,\"valueName\":\"search_term_string\"}}],\"inLanguage\":\"en-US\"},{\"@type\":[\"Person\",\"Organization\"],\"@id\":\"https:\/\/kemubox.com\/en\/#\/schema\/person\/04587a4462cafc11cf4aaa0eb6f8cde9\",\"name\":\"admin\",\"image\":{\"@type\":\"ImageObject\",\"inLanguage\":\"en-US\",\"@id\":\"https:\/\/secure.gravatar.com\/avatar\/459f07f3102a0f5fec546a7f956813de173bd2c1f98f7d7ff2aa3f330c453111?s=96&d=mm&r=g\",\"url\":\"https:\/\/secure.gravatar.com\/avatar\/459f07f3102a0f5fec546a7f956813de173bd2c1f98f7d7ff2aa3f330c453111?s=96&d=mm&r=g\",\"contentUrl\":\"https:\/\/secure.gravatar.com\/avatar\/459f07f3102a0f5fec546a7f956813de173bd2c1f98f7d7ff2aa3f330c453111?s=96&d=mm&r=g\",\"caption\":\"admin\"},\"logo\":{\"@id\":\"https:\/\/secure.gravatar.com\/avatar\/459f07f3102a0f5fec546a7f956813de173bd2c1f98f7d7ff2aa3f330c453111?s=96&d=mm&r=g\"},\"sameAs\":[\"https:\/\/kemubox.com\"]}]}<\/script>\n<!-- \/ Yoast SEO plugin. -->","yoast_head_json":{"title":"Kemu BOX - Yellow Refill Pack. More games, more fun!","description":"Reuse your Kemu BOX as many times as you want. The pack includes 2 trays with 15 circles each and 30 yellow sheets so you can keep playing non-stop.","robots":{"index":"index","follow":"follow","max-snippet":"max-snippet:-1","max-image-preview":"max-image-preview:large","max-video-preview":"max-video-preview:-1"},"canonical":"https:\/\/kemubox.com\/en\/producto\/yellow-replacement-pack\/","og_locale":"en_US","og_type":"article","og_title":"Kemu BOX - Yellow Refill Pack. More games, more fun!","og_description":"Reuse your Kemu BOX as many times as you want. The pack includes 2 trays with 15 circles each and 30 yellow sheets so you can keep playing non-stop.","og_url":"https:\/\/kemubox.com\/en\/producto\/yellow-replacement-pack\/","og_site_name":"Kemu BOX - El mejor Juego o Pi\u00f1ata","article_modified_time":"2025-09-18T09:43:37+00:00","og_image":[{"width":1200,"height":1200,"url":"https:\/\/kemubox.com\/wp-content\/uploads\/2025\/05\/REC-Folder-Big-open-YELLOWBandejas.jpg","type":"image\/jpeg"}],"twitter_card":"summary_large_image","twitter_misc":{"Est. reading time":"1 minute"},"schema":{"@context":"https:\/\/schema.org","@graph":[{"@type":"WebPage","@id":"https:\/\/kemubox.com\/en\/producto\/yellow-replacement-pack\/","url":"https:\/\/kemubox.com\/en\/producto\/yellow-replacement-pack\/","name":"Kemu BOX - Yellow Refill Pack. More games, more fun!","isPartOf":{"@id":"https:\/\/kemubox.com\/en\/#website"},"primaryImageOfPage":{"@id":"https:\/\/kemubox.com\/en\/producto\/yellow-replacement-pack\/#primaryimage"},"image":{"@id":"https:\/\/kemubox.com\/en\/producto\/yellow-replacement-pack\/#primaryimage"},"thumbnailUrl":"https:\/\/kemubox.com\/wp-content\/uploads\/2025\/05\/REC-Folder-Big-open-YELLOWBandejas.jpg","datePublished":"2025-04-05T15:16:09+00:00","dateModified":"2025-09-18T09:43:37+00:00","description":"Reuse your Kemu BOX as many times as you want. The pack includes 2 trays with 15 circles each and 30 yellow sheets so you can keep playing non-stop.","breadcrumb":{"@id":"https:\/\/kemubox.com\/en\/producto\/yellow-replacement-pack\/#breadcrumb"},"inLanguage":"en-US","potentialAction":[{"@type":"ReadAction","target":["https:\/\/kemubox.com\/en\/producto\/yellow-replacement-pack\/"]}]},{"@type":"ImageObject","inLanguage":"en-US","@id":"https:\/\/kemubox.com\/en\/producto\/yellow-replacement-pack\/#primaryimage","url":"https:\/\/kemubox.com\/wp-content\/uploads\/2025\/05\/REC-Folder-Big-open-YELLOWBandejas.jpg","contentUrl":"https:\/\/kemubox.com\/wp-content\/uploads\/2025\/05\/REC-Folder-Big-open-YELLOWBandejas.jpg","width":1200,"height":1200},{"@type":"BreadcrumbList","@id":"https:\/\/kemubox.com\/en\/producto\/yellow-replacement-pack\/#breadcrumb","itemListElement":[{"@type":"ListItem","position":1,"name":"Portada","item":"https:\/\/kemubox.com\/en\/"},{"@type":"ListItem","position":2,"name":"Shop","item":"https:\/\/kemubox.com\/en\/shop\/"},{"@type":"ListItem","position":3,"name":"Yellow Replacement Pack"}]},{"@type":"WebSite","@id":"https:\/\/kemubox.com\/en\/#website","url":"https:\/\/kemubox.com\/en\/","name":"Kemubox - tienda online","description":"Un juego lleno de sorpresas, desaf\u00edos y premios para todas las edades y ocasiones. Perfecta para cumplea\u00f1os, bodas, teambuilding y cualquier ocasi\u00f3n especial.","publisher":{"@id":"https:\/\/kemubox.com\/en\/#\/schema\/person\/04587a4462cafc11cf4aaa0eb6f8cde9"},"potentialAction":[{"@type":"SearchAction","target":{"@type":"EntryPoint","urlTemplate":"https:\/\/kemubox.com\/en\/?s={search_term_string}"},"query-input":{"@type":"PropertyValueSpecification","valueRequired":true,"valueName":"search_term_string"}}],"inLanguage":"en-US"},{"@type":["Person","Organization"],"@id":"https:\/\/kemubox.com\/en\/#\/schema\/person\/04587a4462cafc11cf4aaa0eb6f8cde9","name":"admin","image":{"@type":"ImageObject","inLanguage":"en-US","@id":"https:\/\/secure.gravatar.com\/avatar\/459f07f3102a0f5fec546a7f956813de173bd2c1f98f7d7ff2aa3f330c453111?s=96&d=mm&r=g","url":"https:\/\/secure.gravatar.com\/avatar\/459f07f3102a0f5fec546a7f956813de173bd2c1f98f7d7ff2aa3f330c453111?s=96&d=mm&r=g","contentUrl":"https:\/\/secure.gravatar.com\/avatar\/459f07f3102a0f5fec546a7f956813de173bd2c1f98f7d7ff2aa3f330c453111?s=96&d=mm&r=g","caption":"admin"},"logo":{"@id":"https:\/\/secure.gravatar.com\/avatar\/459f07f3102a0f5fec546a7f956813de173bd2c1f98f7d7ff2aa3f330c453111?s=96&d=mm&r=g"},"sameAs":["https:\/\/kemubox.com"]}]}},"_links":{"self":[{"href":"https:\/\/kemubox.com\/en\/wp-json\/wp\/v2\/product\/36525","targetHints":{"allow":["GET"]}}],"collection":[{"href":"https:\/\/kemubox.com\/en\/wp-json\/wp\/v2\/product"}],"about":[{"href":"https:\/\/kemubox.com\/en\/wp-json\/wp\/v2\/types\/product"}],"wp:featuredmedia":[{"embeddable":true,"href":"https:\/\/kemubox.com\/en\/wp-json\/wp\/v2\/media\/36118"}],"wp:attachment":[{"href":"https:\/\/kemubox.com\/en\/wp-json\/wp\/v2\/media?parent=36525"}],"wp:term":[{"taxonomy":"product_brand","embeddable":true,"href":"https:\/\/kemubox.com\/en\/wp-json\/wp\/v2\/product_brand?post=36525"},{"taxonomy":"product_cat","embeddable":true,"href":"https:\/\/kemubox.com\/en\/wp-json\/wp\/v2\/product_cat?post=36525"},{"taxonomy":"product_tag","embeddable":true,"href":"https:\/\/kemubox.com\/en\/wp-json\/wp\/v2\/product_tag?post=36525"}],"curies":[{"name":"wp","href":"https:\/\/api.w.org\/{rel}","templated":true}]}}