{"id":36523,"date":"2025-04-07T11:53:28","date_gmt":"2025-04-07T11:53:28","guid":{"rendered":"https:\/\/kemubox.com\/producto\/kemu-box-maker-game\/"},"modified":"2025-09-17T10:20:51","modified_gmt":"2025-09-17T10:20:51","slug":"kemu-box-maker-game","status":"publish","type":"product","link":"https:\/\/kemubox.com\/en\/producto\/kemu-box-maker-game\/","title":{"rendered":"Kemu BOX Maker"},"content":{"rendered":"<div class=\"wpb-content-wrapper\"><p>[vc_row gap=&#8221;30&#8243; woodmart_css_id=&#8221;67f7866911d06&#8243; responsive_spacing=&#8221;eyJwYXJhbV90eXBlIjoid29vZG1hcnRfcmVzcG9uc2l2ZV9zcGFjaW5nIiwic2VsZWN0b3JfaWQiOiI2N2Y3ODY2OTExZDA2Iiwic2hvcnRjb2RlIjoidmNfcm93IiwiZGF0YSI6eyJ0YWJsZXQiOnt9LCJtb2JpbGUiOnt9fX0=&#8221; mobile_bg_img_hidden=&#8221;no&#8221; tablet_bg_img_hidden=&#8221;no&#8221; woodmart_parallax=&#8221;0&#8243; woodmart_gradient_switch=&#8221;no&#8221; woodmart_box_shadow=&#8221;no&#8221; wd_z_index=&#8221;no&#8221; woodmart_disable_overflow=&#8221;0&#8243; row_reverse_mobile=&#8221;0&#8243; row_reverse_tablet=&#8221;0&#8243;][vc_column width=&#8221;1\/2&#8243; woodmart_css_id=&#8221;67f7860f4a2d3&#8243; parallax_scroll=&#8221;no&#8221; woodmart_sticky_column=&#8221;false&#8221; wd_collapsible_content_switcher=&#8221;no&#8221; wd_column_role_offcanvas_desktop=&#8221;no&#8221; wd_column_role_offcanvas_tablet=&#8221;no&#8221; wd_column_role_offcanvas_mobile=&#8221;no&#8221; wd_column_role_content_desktop=&#8221;no&#8221; wd_column_role_content_tablet=&#8221;no&#8221; wd_column_role_content_mobile=&#8221;no&#8221; mobile_bg_img_hidden=&#8221;no&#8221; tablet_bg_img_hidden=&#8221;no&#8221; woodmart_parallax=&#8221;0&#8243; woodmart_box_shadow=&#8221;no&#8221; responsive_spacing=&#8221;eyJwYXJhbV90eXBlIjoid29vZG1hcnRfcmVzcG9uc2l2ZV9zcGFjaW5nIiwic2VsZWN0b3JfaWQiOiI2N2Y3ODYwZjRhMmQzIiwic2hvcnRjb2RlIjoidmNfY29sdW1uIiwiZGF0YSI6eyJ0YWJsZXQiOnsicGFkZGluZy1yaWdodCI6IjIwcHgifSwibW9iaWxlIjp7fX19&#8243; mobile_reset_margin=&#8221;no&#8221; tablet_reset_margin=&#8221;no&#8221; wd_z_index=&#8221;no&#8221;]\n\t\t<div id=\"wd-67fbcce6514a7\" class=\"title-wrapper wd-wpb wd-set-mb reset-last-child  wd-rs-67fbcce6514a7 wd-title-color-default wd-title-style-default text-left  wd-underline-colored\">\n\t\t\t\n\t\t\t<div class=\"liner-continer\">\n\t\t\t\t<h2 class=\"woodmart-title-container title  wd-font-weight- wd-fontsize-xl\" ><em>Create, paint, decorate... personalise it however you like! The white model can be decorated to suit any theme. Make it 100% yours! <\/em><\/h2>\n\t\t\t\t\t\t\t<\/div>\n\t\t\t\n\t\t\t\n\t\t\t\n\t\t<\/div>\n\t\t\n\t\t[vc_column_text css=&#8221;&#8221; woodmart_inline=&#8221;no&#8221; text_larger=&#8221;no&#8221;]Looking to surprise your guests at your next party?<\/p>\n<p><strong>Kemu BOX Maker is the ideal model for bringing your brilliant ideas to life. <\/strong>With this game, you have the freedom to create, paint and decorate to your liking for any type of party or event. Imagine a blank model waiting for your creative ideas to transform it into something unique and special.<\/p>\n<p>Adapt it to any theme you want and make it 100% yours. Before the fun begins, customise the box with colours and motifs that reflect the spirit of your party. Not only will it be another decoration, but it will also become the most fun part of the celebration! Let your creativity run wild and enjoy the process!<\/p>\n<p>An original and reusable game that combines the excitement of a pi\u00f1ata, the ingenuity of challenges and the surprise of gifts.<\/p>\n<p>Each box includes 15 cavities to fill with sweets, small gifts or challenge cards. Perfect for children&#8217;s parties, family gatherings, weddings or corporate events.<\/p>\n<p>And the best part? You can use it as many times as you like: just replace the perforated top sheet with a new one and get ready for another round.<\/p>\n<p>Made of cardboard and paper, with no plastic and easy to assemble. Kemu BOX is ideal for playing, sharing and surprising all your guests.[\/vc_column_text][\/vc_column][vc_column width=&#8221;1\/2&#8243;]\t\t<div class=\"wd-wpb wd-rs-67f785a1c9b45\">\n\t\t\t<div class=\"wd-el-table-wrap wd-reset-all-last\">\n\t\t\t\t<table class=\"wd-el-table\">\n\t\t\t\t\t<tbody class=\"text-left\">\n\t\t\t\t\t\t\t\t<tr class=\" wd-rs-68ca8b50ca16d\">\n\t\t\t\t\t\t\t\t\t\t\t\t\t\t<th colspan=\"1\" rowspan=\"1\">\n\t\t\t\t\t\t\t\t\t\t\t\t\tReference\t\t\t\t\t\t\t\t\t\t\t<\/th>\n\t\t\t\t\t\t\t\t\t\t\t\t\t\t<th colspan=\"1\" rowspan=\"1\">\n\t\t\t\t\t\t\t\t\t\t\t\t\tKemu BOX Maker\t\t\t\t\t\t\t\t\t\t\t<\/th>\n\t\t\t\t\t\t\t<\/tr>\n\t\t\t\t\t<tr class=\" wd-rs-68ca8b5e61e64\">\n\t\t\t\t\t\t\t\t\t\t\t\t\t\t<td colspan=\"1\" rowspan=\"1\">\n\t\t\t\t\t\t\t\t\t\t\t\t\tDimensions of assembled game\t\t\t\t\t\t\t\t\t\t\t<\/td>\n\t\t\t\t\t\t\t\t\t\t\t\t\t\t<td colspan=\"1\" rowspan=\"1\">\n\t\t\t\t\t\t\t\t\t\t\t\t\t50cm x 70cm x 12cm\t\t\t\t\t\t\t\t\t\t\t<\/td>\n\t\t\t\t\t\t\t<\/tr>\n\t\t\t\t\t<tr class=\" wd-rs-68ca8b6aa0e4f\">\n\t\t\t\t\t\t\t\t\t\t\t\t\t\t<td colspan=\"1\" rowspan=\"1\">\n\t\t\t\t\t\t\t\t\t\t\t\t\tPackaging dimensions\t\t\t\t\t\t\t\t\t\t\t<\/td>\n\t\t\t\t\t\t\t\t\t\t\t\t\t\t<td colspan=\"1\" rowspan=\"1\">\n\t\t\t\t\t\t\t\t\t\t\t\t\t78,5cm x 65,5cm x 4,9cm\t\t\t\t\t\t\t\t\t\t\t<\/td>\n\t\t\t\t\t\t\t<\/tr>\n\t\t\t\t\t<tr class=\" wd-rs-68ca8b767d418\">\n\t\t\t\t\t\t\t\t\t\t\t\t\t\t<td colspan=\"1\" rowspan=\"1\">\n\t\t\t\t\t\t\t\t\t\t\t\t\tWeight\t\t\t\t\t\t\t\t\t\t\t<\/td>\n\t\t\t\t\t\t\t\t\t\t\t\t\t\t<td colspan=\"1\" rowspan=\"1\">\n\t\t\t\t\t\t\t\t\t\t\t\t\t2,65 kg\t\t\t\t\t\t\t\t\t\t\t<\/td>\n\t\t\t\t\t\t\t<\/tr>\n\t\t\t\t\t<tr class=\" wd-rs-6808d63d1b819\">\n\t\t\t\t\t\t\t\t\t\t\t\t\t\t<td colspan=\"1\" rowspan=\"1\">\n\t\t\t\t\t\t\t\t\t\t\t\t\tEAN\t\t\t\t\t\t\t\t\t\t\t<\/td>\n\t\t\t\t\t\t\t\t\t\t\t\t\t\t<td colspan=\"1\" rowspan=\"1\">\n\t\t\t\t\t\t\t\t\t\t\t\t\t8437027783098\t\t\t\t\t\t\t\t\t\t\t<\/td>\n\t\t\t\t\t\t\t<\/tr>\n\t\t\t\t\t\t\t<\/tbody>\n\t\t\t\t<\/table>\n\t\t\t<\/div>\n\t\t<\/div>\n\t\t[vc_row_inner][vc_column_inner][\/vc_column_inner][\/vc_row_inner][vc_column_text css=&#8221;&#8221; woodmart_inline=&#8221;no&#8221; text_larger=&#8221;no&#8221;]<em><strong>Extra tip:<\/strong><\/em> Customise the box with your party colours and motifs before playing. It will be an extra decoration&#8230; and also the most fun one![\/vc_column_text][\/vc_column][\/vc_row]<\/p>\n<\/div>","protected":false},"excerpt":{"rendered":"<p><strong>Your Kemu BOX Maker Pack contains:<\/strong><\/p>\n<ul>\n<li>Kemu BOX game that can be assembled and disassembled<br \/>\n(with 15 cavities to hide gifts or challenges)<\/li>\n<li>2 trays with 15 circles on each<\/li>\n<li>12 red sheets to play again and again<\/li>\n<li>Glue stick<\/li>\n<li>15 cards with fun challenges<\/li>\n<li>15 customisable cards<\/li>\n<li>Small bag to store your cards<\/li>\n<li>Instruction manual<\/li>\n<\/ul>\n<div style=\"font-size: 14px; max-width: 400px; color: #636363;\"><strong><span style=\"color: #ff0000;\">*<\/span><\/strong>Gifts and surprises not included. Fill your Kemu BOX with the surprises that best suit your party.<\/div>\n<div style=\"height: 10px;\"><\/div>\n<p><img loading=\"lazy\" decoding=\"async\" class=\"alignnone size-full wp-image-35660\" src=\"https:\/\/kemubox.com\/wp-content\/uploads\/2025\/06\/Advertencia-Piezas-PequenasCE02.png\" alt=\"\" width=\"225\" height=\"60\" srcset=\"https:\/\/kemubox.com\/wp-content\/uploads\/2025\/06\/Advertencia-Piezas-PequenasCE02.png 225w, https:\/\/kemubox.com\/wp-content\/uploads\/2025\/06\/Advertencia-Piezas-PequenasCE02-150x40.png 150w\" sizes=\"auto, (max-width: 225px) 100vw, 225px\" \/><\/p>\n<div style=\"height: 8px;\"><\/div>\n","protected":false},"featured_media":36029,"template":"","meta":[],"product_brand":[],"product_cat":[105],"product_tag":[],"class_list":{"0":"post-36523","1":"product","2":"type-product","3":"status-publish","4":"has-post-thumbnail","6":"product_cat-kemu-box-games","8":"first","9":"instock","10":"taxable","11":"shipping-taxable","12":"purchasable","13":"product-type-variable"},"yoast_head":"<!-- This site is optimized with the Yoast SEO plugin v27.2 - https:\/\/yoast.com\/product\/yoast-seo-wordpress\/ -->\n<title>Kemu BOX Maker. Customizable to create your own unique party.<\/title>\n<meta name=\"description\" content=\"Create, paint, decorate, and design your Kemu BOX however you want. A white model that you can decorate to your liking to suit any theme. Make it 100% yours!\" \/>\n<meta name=\"robots\" content=\"index, follow, max-snippet:-1, max-image-preview:large, max-video-preview:-1\" \/>\n<link rel=\"canonical\" href=\"https:\/\/kemubox.com\/en\/producto\/kemu-box-maker-game\/\" \/>\n<meta property=\"og:locale\" content=\"en_US\" \/>\n<meta property=\"og:type\" content=\"article\" \/>\n<meta property=\"og:title\" content=\"Kemu BOX Maker. Customizable to create your own unique party.\" \/>\n<meta property=\"og:description\" content=\"Create, paint, decorate, and design your Kemu BOX however you want. A white model that you can decorate to your liking to suit any theme. Make it 100% yours!\" \/>\n<meta property=\"og:url\" content=\"https:\/\/kemubox.com\/en\/producto\/kemu-box-maker-game\/\" \/>\n<meta property=\"og:site_name\" content=\"Kemu BOX - El mejor Juego o Pi\u00f1ata\" \/>\n<meta property=\"article:modified_time\" content=\"2025-09-17T10:20:51+00:00\" \/>\n<meta property=\"og:image\" content=\"https:\/\/kemubox.com\/wp-content\/uploads\/2025\/04\/FRONT-Mockup-pack-Kemu-BOX-Maker.jpg\" \/>\n\t<meta property=\"og:image:width\" content=\"1200\" \/>\n\t<meta property=\"og:image:height\" content=\"1200\" \/>\n\t<meta property=\"og:image:type\" content=\"image\/jpeg\" \/>\n<meta name=\"twitter:card\" content=\"summary_large_image\" \/>\n<meta name=\"twitter:label1\" content=\"Est. reading time\" \/>\n\t<meta name=\"twitter:data1\" content=\"2 minutes\" \/>\n<script type=\"application\/ld+json\" class=\"yoast-schema-graph\">{\"@context\":\"https:\/\/schema.org\",\"@graph\":[{\"@type\":\"WebPage\",\"@id\":\"https:\/\/kemubox.com\/en\/producto\/kemu-box-maker-game\/\",\"url\":\"https:\/\/kemubox.com\/en\/producto\/kemu-box-maker-game\/\",\"name\":\"Kemu BOX Maker. Customizable to create your own unique party.\",\"isPartOf\":{\"@id\":\"https:\/\/kemubox.com\/en\/#website\"},\"primaryImageOfPage\":{\"@id\":\"https:\/\/kemubox.com\/en\/producto\/kemu-box-maker-game\/#primaryimage\"},\"image\":{\"@id\":\"https:\/\/kemubox.com\/en\/producto\/kemu-box-maker-game\/#primaryimage\"},\"thumbnailUrl\":\"https:\/\/kemubox.com\/wp-content\/uploads\/2025\/04\/FRONT-Mockup-pack-Kemu-BOX-Maker.jpg\",\"datePublished\":\"2025-04-07T11:53:28+00:00\",\"dateModified\":\"2025-09-17T10:20:51+00:00\",\"description\":\"Create, paint, decorate, and design your Kemu BOX however you want. A white model that you can decorate to your liking to suit any theme. Make it 100% yours!\",\"breadcrumb\":{\"@id\":\"https:\/\/kemubox.com\/en\/producto\/kemu-box-maker-game\/#breadcrumb\"},\"inLanguage\":\"en-US\",\"potentialAction\":[{\"@type\":\"ReadAction\",\"target\":[\"https:\/\/kemubox.com\/en\/producto\/kemu-box-maker-game\/\"]}]},{\"@type\":\"ImageObject\",\"inLanguage\":\"en-US\",\"@id\":\"https:\/\/kemubox.com\/en\/producto\/kemu-box-maker-game\/#primaryimage\",\"url\":\"https:\/\/kemubox.com\/wp-content\/uploads\/2025\/04\/FRONT-Mockup-pack-Kemu-BOX-Maker.jpg\",\"contentUrl\":\"https:\/\/kemubox.com\/wp-content\/uploads\/2025\/04\/FRONT-Mockup-pack-Kemu-BOX-Maker.jpg\",\"width\":1200,\"height\":1200,\"caption\":\"Customize your Kemu BOX, the best game for any celebration\"},{\"@type\":\"BreadcrumbList\",\"@id\":\"https:\/\/kemubox.com\/en\/producto\/kemu-box-maker-game\/#breadcrumb\",\"itemListElement\":[{\"@type\":\"ListItem\",\"position\":1,\"name\":\"Portada\",\"item\":\"https:\/\/kemubox.com\/en\/\"},{\"@type\":\"ListItem\",\"position\":2,\"name\":\"Shop\",\"item\":\"https:\/\/kemubox.com\/en\/shop\/\"},{\"@type\":\"ListItem\",\"position\":3,\"name\":\"Kemu BOX Maker\"}]},{\"@type\":\"WebSite\",\"@id\":\"https:\/\/kemubox.com\/en\/#website\",\"url\":\"https:\/\/kemubox.com\/en\/\",\"name\":\"Kemubox - tienda online\",\"description\":\"Un juego lleno de sorpresas, desaf\u00edos y premios para todas las edades y ocasiones. Perfecta para cumplea\u00f1os, bodas, teambuilding y cualquier ocasi\u00f3n especial.\",\"publisher\":{\"@id\":\"https:\/\/kemubox.com\/en\/#\/schema\/person\/04587a4462cafc11cf4aaa0eb6f8cde9\"},\"potentialAction\":[{\"@type\":\"SearchAction\",\"target\":{\"@type\":\"EntryPoint\",\"urlTemplate\":\"https:\/\/kemubox.com\/en\/?s={search_term_string}\"},\"query-input\":{\"@type\":\"PropertyValueSpecification\",\"valueRequired\":true,\"valueName\":\"search_term_string\"}}],\"inLanguage\":\"en-US\"},{\"@type\":[\"Person\",\"Organization\"],\"@id\":\"https:\/\/kemubox.com\/en\/#\/schema\/person\/04587a4462cafc11cf4aaa0eb6f8cde9\",\"name\":\"admin\",\"image\":{\"@type\":\"ImageObject\",\"inLanguage\":\"en-US\",\"@id\":\"https:\/\/secure.gravatar.com\/avatar\/459f07f3102a0f5fec546a7f956813de173bd2c1f98f7d7ff2aa3f330c453111?s=96&d=mm&r=g\",\"url\":\"https:\/\/secure.gravatar.com\/avatar\/459f07f3102a0f5fec546a7f956813de173bd2c1f98f7d7ff2aa3f330c453111?s=96&d=mm&r=g\",\"contentUrl\":\"https:\/\/secure.gravatar.com\/avatar\/459f07f3102a0f5fec546a7f956813de173bd2c1f98f7d7ff2aa3f330c453111?s=96&d=mm&r=g\",\"caption\":\"admin\"},\"logo\":{\"@id\":\"https:\/\/secure.gravatar.com\/avatar\/459f07f3102a0f5fec546a7f956813de173bd2c1f98f7d7ff2aa3f330c453111?s=96&d=mm&r=g\"},\"sameAs\":[\"https:\/\/kemubox.com\"]}]}<\/script>\n<!-- \/ Yoast SEO plugin. -->","yoast_head_json":{"title":"Kemu BOX Maker. Customizable to create your own unique party.","description":"Create, paint, decorate, and design your Kemu BOX however you want. A white model that you can decorate to your liking to suit any theme. Make it 100% yours!","robots":{"index":"index","follow":"follow","max-snippet":"max-snippet:-1","max-image-preview":"max-image-preview:large","max-video-preview":"max-video-preview:-1"},"canonical":"https:\/\/kemubox.com\/en\/producto\/kemu-box-maker-game\/","og_locale":"en_US","og_type":"article","og_title":"Kemu BOX Maker. Customizable to create your own unique party.","og_description":"Create, paint, decorate, and design your Kemu BOX however you want. A white model that you can decorate to your liking to suit any theme. Make it 100% yours!","og_url":"https:\/\/kemubox.com\/en\/producto\/kemu-box-maker-game\/","og_site_name":"Kemu BOX - El mejor Juego o Pi\u00f1ata","article_modified_time":"2025-09-17T10:20:51+00:00","og_image":[{"width":1200,"height":1200,"url":"https:\/\/kemubox.com\/wp-content\/uploads\/2025\/04\/FRONT-Mockup-pack-Kemu-BOX-Maker.jpg","type":"image\/jpeg"}],"twitter_card":"summary_large_image","twitter_misc":{"Est. reading time":"2 minutes"},"schema":{"@context":"https:\/\/schema.org","@graph":[{"@type":"WebPage","@id":"https:\/\/kemubox.com\/en\/producto\/kemu-box-maker-game\/","url":"https:\/\/kemubox.com\/en\/producto\/kemu-box-maker-game\/","name":"Kemu BOX Maker. Customizable to create your own unique party.","isPartOf":{"@id":"https:\/\/kemubox.com\/en\/#website"},"primaryImageOfPage":{"@id":"https:\/\/kemubox.com\/en\/producto\/kemu-box-maker-game\/#primaryimage"},"image":{"@id":"https:\/\/kemubox.com\/en\/producto\/kemu-box-maker-game\/#primaryimage"},"thumbnailUrl":"https:\/\/kemubox.com\/wp-content\/uploads\/2025\/04\/FRONT-Mockup-pack-Kemu-BOX-Maker.jpg","datePublished":"2025-04-07T11:53:28+00:00","dateModified":"2025-09-17T10:20:51+00:00","description":"Create, paint, decorate, and design your Kemu BOX however you want. A white model that you can decorate to your liking to suit any theme. Make it 100% yours!","breadcrumb":{"@id":"https:\/\/kemubox.com\/en\/producto\/kemu-box-maker-game\/#breadcrumb"},"inLanguage":"en-US","potentialAction":[{"@type":"ReadAction","target":["https:\/\/kemubox.com\/en\/producto\/kemu-box-maker-game\/"]}]},{"@type":"ImageObject","inLanguage":"en-US","@id":"https:\/\/kemubox.com\/en\/producto\/kemu-box-maker-game\/#primaryimage","url":"https:\/\/kemubox.com\/wp-content\/uploads\/2025\/04\/FRONT-Mockup-pack-Kemu-BOX-Maker.jpg","contentUrl":"https:\/\/kemubox.com\/wp-content\/uploads\/2025\/04\/FRONT-Mockup-pack-Kemu-BOX-Maker.jpg","width":1200,"height":1200,"caption":"Customize your Kemu BOX, the best game for any celebration"},{"@type":"BreadcrumbList","@id":"https:\/\/kemubox.com\/en\/producto\/kemu-box-maker-game\/#breadcrumb","itemListElement":[{"@type":"ListItem","position":1,"name":"Portada","item":"https:\/\/kemubox.com\/en\/"},{"@type":"ListItem","position":2,"name":"Shop","item":"https:\/\/kemubox.com\/en\/shop\/"},{"@type":"ListItem","position":3,"name":"Kemu BOX Maker"}]},{"@type":"WebSite","@id":"https:\/\/kemubox.com\/en\/#website","url":"https:\/\/kemubox.com\/en\/","name":"Kemubox - tienda online","description":"Un juego lleno de sorpresas, desaf\u00edos y premios para todas las edades y ocasiones. Perfecta para cumplea\u00f1os, bodas, teambuilding y cualquier ocasi\u00f3n especial.","publisher":{"@id":"https:\/\/kemubox.com\/en\/#\/schema\/person\/04587a4462cafc11cf4aaa0eb6f8cde9"},"potentialAction":[{"@type":"SearchAction","target":{"@type":"EntryPoint","urlTemplate":"https:\/\/kemubox.com\/en\/?s={search_term_string}"},"query-input":{"@type":"PropertyValueSpecification","valueRequired":true,"valueName":"search_term_string"}}],"inLanguage":"en-US"},{"@type":["Person","Organization"],"@id":"https:\/\/kemubox.com\/en\/#\/schema\/person\/04587a4462cafc11cf4aaa0eb6f8cde9","name":"admin","image":{"@type":"ImageObject","inLanguage":"en-US","@id":"https:\/\/secure.gravatar.com\/avatar\/459f07f3102a0f5fec546a7f956813de173bd2c1f98f7d7ff2aa3f330c453111?s=96&d=mm&r=g","url":"https:\/\/secure.gravatar.com\/avatar\/459f07f3102a0f5fec546a7f956813de173bd2c1f98f7d7ff2aa3f330c453111?s=96&d=mm&r=g","contentUrl":"https:\/\/secure.gravatar.com\/avatar\/459f07f3102a0f5fec546a7f956813de173bd2c1f98f7d7ff2aa3f330c453111?s=96&d=mm&r=g","caption":"admin"},"logo":{"@id":"https:\/\/secure.gravatar.com\/avatar\/459f07f3102a0f5fec546a7f956813de173bd2c1f98f7d7ff2aa3f330c453111?s=96&d=mm&r=g"},"sameAs":["https:\/\/kemubox.com"]}]}},"_links":{"self":[{"href":"https:\/\/kemubox.com\/en\/wp-json\/wp\/v2\/product\/36523","targetHints":{"allow":["GET"]}}],"collection":[{"href":"https:\/\/kemubox.com\/en\/wp-json\/wp\/v2\/product"}],"about":[{"href":"https:\/\/kemubox.com\/en\/wp-json\/wp\/v2\/types\/product"}],"wp:featuredmedia":[{"embeddable":true,"href":"https:\/\/kemubox.com\/en\/wp-json\/wp\/v2\/media\/36029"}],"wp:attachment":[{"href":"https:\/\/kemubox.com\/en\/wp-json\/wp\/v2\/media?parent=36523"}],"wp:term":[{"taxonomy":"product_brand","embeddable":true,"href":"https:\/\/kemubox.com\/en\/wp-json\/wp\/v2\/product_brand?post=36523"},{"taxonomy":"product_cat","embeddable":true,"href":"https:\/\/kemubox.com\/en\/wp-json\/wp\/v2\/product_cat?post=36523"},{"taxonomy":"product_tag","embeddable":true,"href":"https:\/\/kemubox.com\/en\/wp-json\/wp\/v2\/product_tag?post=36523"}],"curies":[{"name":"wp","href":"https:\/\/api.w.org\/{rel}","templated":true}]}}