{"id":36472,"date":"2025-03-27T14:51:59","date_gmt":"2025-03-27T14:51:59","guid":{"rendered":"https:\/\/kemubox.com\/cookies-policy\/"},"modified":"2025-08-03T13:29:46","modified_gmt":"2025-08-03T13:29:46","slug":"cookies-policy","status":"publish","type":"page","link":"https:\/\/kemubox.com\/en\/cookies-policy\/","title":{"rendered":"Cookie Policy"},"content":{"rendered":"<div class=\"wpb-content-wrapper\"><p>[vc_row css=&#8221;.vc_custom_1748257731422{margin-top: 100px !important;margin-bottom: 80px !important;padding-right: 12% !important;padding-left: 12% !important;}&#8221; woodmart_css_id=&#8221;68344bbb2bf3c&#8221; responsive_spacing=&#8221;eyJwYXJhbV90eXBlIjoid29vZG1hcnRfcmVzcG9uc2l2ZV9zcGFjaW5nIiwic2VsZWN0b3JfaWQiOiI2ODM0NGJiYjJiZjNjIiwic2hvcnRjb2RlIjoidmNfcm93IiwiZGF0YSI6eyJ0YWJsZXQiOnsibWFyZ2luLXRvcCI6IjUwcHgiLCJwYWRkaW5nLXJpZ2h0IjoiOCUiLCJwYWRkaW5nLWxlZnQiOiI4JSJ9LCJtb2JpbGUiOnsibWFyZ2luLXRvcCI6IjMwcHgifX19&#8243; mobile_bg_img_hidden=&#8221;no&#8221; tablet_bg_img_hidden=&#8221;no&#8221; woodmart_parallax=&#8221;0&#8243; woodmart_gradient_switch=&#8221;no&#8221; woodmart_box_shadow=&#8221;no&#8221; wd_z_index=&#8221;no&#8221; woodmart_disable_overflow=&#8221;0&#8243; row_reverse_mobile=&#8221;0&#8243; row_reverse_tablet=&#8221;0&#8243;][vc_column][vc_column_text css=&#8221;&#8221; woodmart_inline=&#8221;no&#8221; text_larger=&#8221;no&#8221;]<strong>Last update: <\/strong>[21\/05\/2025]<\/p>\n<p>In compliance with the provisions of Article 22.2 of Law 34\/2002, on Information Society Services and Electronic Commerce (LSSI-CE), and the General Data Protection Regulation (GDPR), users of the website www.kemubox.com are hereby informed about the use of cookies and similar technologies.<\/p>\n<div style=\"height: 30px;\"><\/div>\n<h2 class=\"h2-text-legal\">1. <strong>What are cookies?<\/strong><\/h2>\n<p>Cookies are small text files that a website stores on the user&#8217;s browser when they visit a page. They are used to remember information about the visit and facilitate future visits, improving the user experience.<\/p>\n<div style=\"height: 30px;\"><\/div>\n<h2 class=\"h2-text-legal\">2. Types of cookies we use<\/h2>\n<p>This website may use the following types of cookies:<\/p>\n<p><strong>a) Depending on the entity that manages them<\/strong><\/p>\n<ul>\n<li><strong>First-party cookies: <\/strong>managed by the owner of the website.<\/li>\n<li><strong>Third-party cookies:<\/strong>managed by other entities (such as Google Analytics).<\/li>\n<\/ul>\n<p><strong>b) Depending on their purpose<\/strong><\/p>\n<ul>\n<li><strong>Technical cookies: <\/strong>necessary for the functioning of the website.<\/li>\n<li><strong>Personalisation cookies: <\/strong>allow the user to configure aspects such as language or browser type.<\/li>\n<li><strong>Analytical cookies: <\/strong>allow the analysis of user behaviour on the website (e.g. Google Analytics).<\/li>\n<li><strong>Advertising cookies (if used): <\/strong>display personalised advertisements based on the user&#8217;s browsing.<\/li>\n<\/ul>\n<p><strong>c) According to the length of time they remain active<\/strong><\/p>\n<ul>\n<li><strong>Session cookies:<\/strong> are deleted when the browser is closed.<\/li>\n<li><strong>Persistent cookies:<\/strong> are stored for a defined period of time.<\/li>\n<\/ul>\n<div style=\"height: 32px;\"><\/div>\n<h3 class=\"h3-text-legal\"><strong>3. 3. Cookies used on this website<\/strong><\/h3>\n<p>As a guideline, the following can be used:<\/p>\n<table style=\"height: 316px;\" width=\"944\">\n<tbody>\n<tr>\n<td width=\"106\"><strong>Cookie<\/strong><\/td>\n<td width=\"58\"><strong>Type<\/strong><\/td>\n<td width=\"160\"><strong>Purpose<\/strong><\/td>\n<td width=\"59\"><strong>Duration<\/strong><\/td>\n<td width=\"51\"><strong>Management<\/strong><\/td>\n<\/tr>\n<tr>\n<td width=\"106\">_ga (Google)<\/td>\n<td width=\"58\">Analytics<\/td>\n<td width=\"160\">Distinguishing users in Google Analytics<\/td>\n<td width=\"59\">2 years<\/td>\n<td width=\"51\">Third parties<\/td>\n<\/tr>\n<tr>\n<td width=\"106\">_gid (Google)<\/td>\n<td width=\"58\">Analytics<\/td>\n<td width=\"160\">Analyse browsing patterns<\/td>\n<td width=\"59\">24 hours<\/td>\n<td width=\"51\">Third parties<\/td>\n<\/tr>\n<tr>\n<td width=\"106\">cookie_notice_accepted<\/td>\n<td width=\"58\">Technique<\/td>\n<td width=\"160\">Knowing whether the user has accepted the cookie policy<\/td>\n<td width=\"59\">1 month<\/td>\n<td width=\"51\">Own<\/td>\n<\/tr>\n<\/tbody>\n<\/table>\n<div style=\"height: 30px;\"><\/div>\n<h2 class=\"h2-text-legal\">4. How are cookies managed?<\/h2>\n<ul>\n<li>When accessing the website, users will see a cookie notice or banner where they can accept, reject or configure the use of non-essential cookies. They can also disable them from their browser settings.Links to manage cookies depending on the browser:\n<ul>\n<li>Google Chrome<\/li>\n<li>Mozilla Firefox<\/li>\n<li>Microsoft Edge<\/li>\n<li>Safari<\/li>\n<\/ul>\n<\/li>\n<\/ul>\n<div style=\"height: 30px;\"><\/div>\n<h2 class=\"h2-text-legal\">5. Modification of the Cookie Policy<\/h2>\n<p>Kemu BOX may modify this Cookie Policy in accordance with legislative requirements or technical changes. Any significant changes will be notified to the user.[\/vc_column_text][\/vc_column][\/vc_row][vc_row][vc_column][vc_column_text]<\/p>\n<p>[\/vc_column_text][\/vc_column][\/vc_row]<\/p>\n<\/div>","protected":false},"excerpt":{"rendered":"<p>[vc_row css=&#8221;.vc_custom_1748257731422{margin-top: 100px !important;margin-bottom: 80px !important;padding-right: 12% !important;padding-left: 12% !important;}&#8221; woodmart_css_id=&#8221;68344bbb2bf3c&#8221; responsive_spacing=&#8221;eyJwYXJhbV90eXBlIjoid29vZG1hcnRfcmVzcG9uc2l2ZV9zcGFjaW5nIiwic2VsZWN0b3JfaWQiOiI2ODM0NGJiYjJiZjNjIiwic2hvcnRjb2RlIjoidmNfcm93IiwiZGF0YSI6eyJ0YWJsZXQiOnsibWFyZ2luLXRvcCI6IjUwcHgiLCJwYWRkaW5nLXJpZ2h0IjoiOCUiLCJwYWRkaW5nLWxlZnQiOiI4JSJ9LCJtb2JpbGUiOnsibWFyZ2luLXRvcCI6IjMwcHgifX19&#8243; mobile_bg_img_hidden=&#8221;no&#8221; tablet_bg_img_hidden=&#8221;no&#8221; woodmart_parallax=&#8221;0&#8243; woodmart_gradient_switch=&#8221;no&#8221; woodmart_box_shadow=&#8221;no&#8221; wd_z_index=&#8221;no&#8221; woodmart_disable_overflow=&#8221;0&#8243; row_reverse_mobile=&#8221;0&#8243;<\/p>\n","protected":false},"author":2,"featured_media":0,"parent":0,"menu_order":0,"comment_status":"closed","ping_status":"open","template":"","meta":{"footnotes":""},"class_list":["post-36472","page","type-page","status-publish","hentry"],"yoast_head":"<!-- This site is optimized with the Yoast SEO plugin v27.2 - https:\/\/yoast.com\/product\/yoast-seo-wordpress\/ -->\n<title>Cookie Policy - Kemu BOX - El mejor Juego o Pi\u00f1ata<\/title>\n<meta name=\"robots\" content=\"noindex, nofollow\" \/>\n<meta property=\"og:locale\" content=\"en_US\" \/>\n<meta property=\"og:type\" content=\"article\" \/>\n<meta property=\"og:title\" content=\"Cookie Policy - Kemu BOX - El mejor Juego o Pi\u00f1ata\" \/>\n<meta property=\"og:description\" content=\"[vc_row css=&#8221;.vc_custom_1748257731422{margin-top: 100px !important;margin-bottom: 80px !important;padding-right: 12% !important;padding-left: 12% !important;}&#8221; woodmart_css_id=&#8221;68344bbb2bf3c&#8221; responsive_spacing=&#8221;eyJwYXJhbV90eXBlIjoid29vZG1hcnRfcmVzcG9uc2l2ZV9zcGFjaW5nIiwic2VsZWN0b3JfaWQiOiI2ODM0NGJiYjJiZjNjIiwic2hvcnRjb2RlIjoidmNfcm93IiwiZGF0YSI6eyJ0YWJsZXQiOnsibWFyZ2luLXRvcCI6IjUwcHgiLCJwYWRkaW5nLXJpZ2h0IjoiOCUiLCJwYWRkaW5nLWxlZnQiOiI4JSJ9LCJtb2JpbGUiOnsibWFyZ2luLXRvcCI6IjMwcHgifX19&#8243; mobile_bg_img_hidden=&#8221;no&#8221; tablet_bg_img_hidden=&#8221;no&#8221; woodmart_parallax=&#8221;0&#8243; woodmart_gradient_switch=&#8221;no&#8221; woodmart_box_shadow=&#8221;no&#8221; wd_z_index=&#8221;no&#8221; woodmart_disable_overflow=&#8221;0&#8243; row_reverse_mobile=&#8221;0&#8243;\" \/>\n<meta property=\"og:url\" content=\"https:\/\/kemubox.com\/en\/cookies-policy\/\" \/>\n<meta property=\"og:site_name\" content=\"Kemu BOX - El mejor Juego o Pi\u00f1ata\" \/>\n<meta property=\"article:modified_time\" content=\"2025-08-03T13:29:46+00:00\" \/>\n<meta name=\"twitter:card\" content=\"summary_large_image\" \/>\n<meta name=\"twitter:label1\" content=\"Est. reading time\" \/>\n\t<meta name=\"twitter:data1\" content=\"2 minutes\" \/>\n<script type=\"application\/ld+json\" class=\"yoast-schema-graph\">{\"@context\":\"https:\/\/schema.org\",\"@graph\":[{\"@type\":\"WebPage\",\"@id\":\"https:\/\/kemubox.com\/en\/cookies-policy\/\",\"url\":\"https:\/\/kemubox.com\/en\/cookies-policy\/\",\"name\":\"Cookie Policy - Kemu BOX - El mejor Juego o Pi\u00f1ata\",\"isPartOf\":{\"@id\":\"https:\/\/kemubox.com\/en\/#website\"},\"datePublished\":\"2025-03-27T14:51:59+00:00\",\"dateModified\":\"2025-08-03T13:29:46+00:00\",\"breadcrumb\":{\"@id\":\"https:\/\/kemubox.com\/en\/cookies-policy\/#breadcrumb\"},\"inLanguage\":\"en-US\",\"potentialAction\":[{\"@type\":\"ReadAction\",\"target\":[\"https:\/\/kemubox.com\/en\/cookies-policy\/\"]}]},{\"@type\":\"BreadcrumbList\",\"@id\":\"https:\/\/kemubox.com\/en\/cookies-policy\/#breadcrumb\",\"itemListElement\":[{\"@type\":\"ListItem\",\"position\":1,\"name\":\"Portada\",\"item\":\"https:\/\/kemubox.com\/en\/\"},{\"@type\":\"ListItem\",\"position\":2,\"name\":\"Cookie Policy\"}]},{\"@type\":\"WebSite\",\"@id\":\"https:\/\/kemubox.com\/en\/#website\",\"url\":\"https:\/\/kemubox.com\/en\/\",\"name\":\"Kemubox - tienda online\",\"description\":\"Un juego lleno de sorpresas, desaf\u00edos y premios para todas las edades y ocasiones. Perfecta para cumplea\u00f1os, bodas, teambuilding y cualquier ocasi\u00f3n especial.\",\"publisher\":{\"@id\":\"https:\/\/kemubox.com\/en\/#\/schema\/person\/04587a4462cafc11cf4aaa0eb6f8cde9\"},\"potentialAction\":[{\"@type\":\"SearchAction\",\"target\":{\"@type\":\"EntryPoint\",\"urlTemplate\":\"https:\/\/kemubox.com\/en\/?s={search_term_string}\"},\"query-input\":{\"@type\":\"PropertyValueSpecification\",\"valueRequired\":true,\"valueName\":\"search_term_string\"}}],\"inLanguage\":\"en-US\"},{\"@type\":[\"Person\",\"Organization\"],\"@id\":\"https:\/\/kemubox.com\/en\/#\/schema\/person\/04587a4462cafc11cf4aaa0eb6f8cde9\",\"name\":\"admin\",\"image\":{\"@type\":\"ImageObject\",\"inLanguage\":\"en-US\",\"@id\":\"https:\/\/secure.gravatar.com\/avatar\/459f07f3102a0f5fec546a7f956813de173bd2c1f98f7d7ff2aa3f330c453111?s=96&d=mm&r=g\",\"url\":\"https:\/\/secure.gravatar.com\/avatar\/459f07f3102a0f5fec546a7f956813de173bd2c1f98f7d7ff2aa3f330c453111?s=96&d=mm&r=g\",\"contentUrl\":\"https:\/\/secure.gravatar.com\/avatar\/459f07f3102a0f5fec546a7f956813de173bd2c1f98f7d7ff2aa3f330c453111?s=96&d=mm&r=g\",\"caption\":\"admin\"},\"logo\":{\"@id\":\"https:\/\/secure.gravatar.com\/avatar\/459f07f3102a0f5fec546a7f956813de173bd2c1f98f7d7ff2aa3f330c453111?s=96&d=mm&r=g\"},\"sameAs\":[\"https:\/\/kemubox.com\"]}]}<\/script>\n<!-- \/ Yoast SEO plugin. -->","yoast_head_json":{"title":"Cookie Policy - Kemu BOX - El mejor Juego o Pi\u00f1ata","robots":{"index":"noindex","follow":"nofollow"},"og_locale":"en_US","og_type":"article","og_title":"Cookie Policy - Kemu BOX - El mejor Juego o Pi\u00f1ata","og_description":"[vc_row css=&#8221;.vc_custom_1748257731422{margin-top: 100px !important;margin-bottom: 80px !important;padding-right: 12% !important;padding-left: 12% !important;}&#8221; woodmart_css_id=&#8221;68344bbb2bf3c&#8221; responsive_spacing=&#8221;eyJwYXJhbV90eXBlIjoid29vZG1hcnRfcmVzcG9uc2l2ZV9zcGFjaW5nIiwic2VsZWN0b3JfaWQiOiI2ODM0NGJiYjJiZjNjIiwic2hvcnRjb2RlIjoidmNfcm93IiwiZGF0YSI6eyJ0YWJsZXQiOnsibWFyZ2luLXRvcCI6IjUwcHgiLCJwYWRkaW5nLXJpZ2h0IjoiOCUiLCJwYWRkaW5nLWxlZnQiOiI4JSJ9LCJtb2JpbGUiOnsibWFyZ2luLXRvcCI6IjMwcHgifX19&#8243; mobile_bg_img_hidden=&#8221;no&#8221; tablet_bg_img_hidden=&#8221;no&#8221; woodmart_parallax=&#8221;0&#8243; woodmart_gradient_switch=&#8221;no&#8221; woodmart_box_shadow=&#8221;no&#8221; wd_z_index=&#8221;no&#8221; woodmart_disable_overflow=&#8221;0&#8243; row_reverse_mobile=&#8221;0&#8243;","og_url":"https:\/\/kemubox.com\/en\/cookies-policy\/","og_site_name":"Kemu BOX - El mejor Juego o Pi\u00f1ata","article_modified_time":"2025-08-03T13:29:46+00:00","twitter_card":"summary_large_image","twitter_misc":{"Est. reading time":"2 minutes"},"schema":{"@context":"https:\/\/schema.org","@graph":[{"@type":"WebPage","@id":"https:\/\/kemubox.com\/en\/cookies-policy\/","url":"https:\/\/kemubox.com\/en\/cookies-policy\/","name":"Cookie Policy - Kemu BOX - El mejor Juego o Pi\u00f1ata","isPartOf":{"@id":"https:\/\/kemubox.com\/en\/#website"},"datePublished":"2025-03-27T14:51:59+00:00","dateModified":"2025-08-03T13:29:46+00:00","breadcrumb":{"@id":"https:\/\/kemubox.com\/en\/cookies-policy\/#breadcrumb"},"inLanguage":"en-US","potentialAction":[{"@type":"ReadAction","target":["https:\/\/kemubox.com\/en\/cookies-policy\/"]}]},{"@type":"BreadcrumbList","@id":"https:\/\/kemubox.com\/en\/cookies-policy\/#breadcrumb","itemListElement":[{"@type":"ListItem","position":1,"name":"Portada","item":"https:\/\/kemubox.com\/en\/"},{"@type":"ListItem","position":2,"name":"Cookie Policy"}]},{"@type":"WebSite","@id":"https:\/\/kemubox.com\/en\/#website","url":"https:\/\/kemubox.com\/en\/","name":"Kemubox - tienda online","description":"Un juego lleno de sorpresas, desaf\u00edos y premios para todas las edades y ocasiones. Perfecta para cumplea\u00f1os, bodas, teambuilding y cualquier ocasi\u00f3n especial.","publisher":{"@id":"https:\/\/kemubox.com\/en\/#\/schema\/person\/04587a4462cafc11cf4aaa0eb6f8cde9"},"potentialAction":[{"@type":"SearchAction","target":{"@type":"EntryPoint","urlTemplate":"https:\/\/kemubox.com\/en\/?s={search_term_string}"},"query-input":{"@type":"PropertyValueSpecification","valueRequired":true,"valueName":"search_term_string"}}],"inLanguage":"en-US"},{"@type":["Person","Organization"],"@id":"https:\/\/kemubox.com\/en\/#\/schema\/person\/04587a4462cafc11cf4aaa0eb6f8cde9","name":"admin","image":{"@type":"ImageObject","inLanguage":"en-US","@id":"https:\/\/secure.gravatar.com\/avatar\/459f07f3102a0f5fec546a7f956813de173bd2c1f98f7d7ff2aa3f330c453111?s=96&d=mm&r=g","url":"https:\/\/secure.gravatar.com\/avatar\/459f07f3102a0f5fec546a7f956813de173bd2c1f98f7d7ff2aa3f330c453111?s=96&d=mm&r=g","contentUrl":"https:\/\/secure.gravatar.com\/avatar\/459f07f3102a0f5fec546a7f956813de173bd2c1f98f7d7ff2aa3f330c453111?s=96&d=mm&r=g","caption":"admin"},"logo":{"@id":"https:\/\/secure.gravatar.com\/avatar\/459f07f3102a0f5fec546a7f956813de173bd2c1f98f7d7ff2aa3f330c453111?s=96&d=mm&r=g"},"sameAs":["https:\/\/kemubox.com"]}]}},"_links":{"self":[{"href":"https:\/\/kemubox.com\/en\/wp-json\/wp\/v2\/pages\/36472","targetHints":{"allow":["GET"]}}],"collection":[{"href":"https:\/\/kemubox.com\/en\/wp-json\/wp\/v2\/pages"}],"about":[{"href":"https:\/\/kemubox.com\/en\/wp-json\/wp\/v2\/types\/page"}],"author":[{"embeddable":true,"href":"https:\/\/kemubox.com\/en\/wp-json\/wp\/v2\/users\/2"}],"replies":[{"embeddable":true,"href":"https:\/\/kemubox.com\/en\/wp-json\/wp\/v2\/comments?post=36472"}],"version-history":[{"count":6,"href":"https:\/\/kemubox.com\/en\/wp-json\/wp\/v2\/pages\/36472\/revisions"}],"predecessor-version":[{"id":36480,"href":"https:\/\/kemubox.com\/en\/wp-json\/wp\/v2\/pages\/36472\/revisions\/36480"}],"wp:attachment":[{"href":"https:\/\/kemubox.com\/en\/wp-json\/wp\/v2\/media?parent=36472"}],"curies":[{"name":"wp","href":"https:\/\/api.w.org\/{rel}","templated":true}]}}