{"id":36336,"date":"2021-08-25T09:00:10","date_gmt":"2021-08-25T09:00:10","guid":{"rendered":"https:\/\/kemubox.com\/contact\/"},"modified":"2025-08-03T13:33:35","modified_gmt":"2025-08-03T13:33:35","slug":"contact","status":"publish","type":"page","link":"https:\/\/kemubox.com\/en\/contact\/","title":{"rendered":"Contact"},"content":{"rendered":"<div class=\"wpb-content-wrapper\"><p>[vc_row equal_height=&#8221;yes&#8221; css_animation=&#8221;none&#8221; css=&#8221;.vc_custom_1746877089258{margin-top: 80px !important;margin-right: -40px !important;margin-bottom: 80px !important;margin-left: -40px !important;}&#8221; woodmart_css_id=&#8221;681f3a966862e&#8221; responsive_spacing=&#8221;eyJwYXJhbV90eXBlIjoid29vZG1hcnRfcmVzcG9uc2l2ZV9zcGFjaW5nIiwic2VsZWN0b3JfaWQiOiI2ODFmM2E5NjY4NjJlIiwic2hvcnRjb2RlIjoidmNfcm93IiwiZGF0YSI6eyJ0YWJsZXQiOnt9LCJtb2JpbGUiOnt9fX0=&#8221; mobile_bg_img_hidden=&#8221;no&#8221; tablet_bg_img_hidden=&#8221;no&#8221; woodmart_parallax=&#8221;0&#8243; woodmart_gradient_switch=&#8221;no&#8221; woodmart_box_shadow=&#8221;no&#8221; wd_z_index=&#8221;no&#8221; woodmart_disable_overflow=&#8221;0&#8243; row_reverse_mobile=&#8221;0&#8243; row_reverse_tablet=&#8221;0&#8243;][vc_column offset=&#8221;vc_col-lg-6 vc_col-md-6&#8243; css=&#8221;.vc_custom_1496932335926{border-right-width: 1px !important;padding-top: 20px !important;padding-right: 40px !important;padding-bottom: 10px !important;padding-left: 40px !important;border-right-color: rgba(129,129,129,0.2) !important;border-right-style: solid !important;}&#8221;]\n\t\t<div id=\"wd-684be0c83e542\" class=\"title-wrapper wd-wpb wd-set-mb reset-last-child  wd-rs-684be0c83e542 wd-title-color-default wd-title-style-bordered text-left vc_custom_1749803220680 wd-underline-colored\">\n\t\t\t\n\t\t\t<div class=\"liner-continer\">\n\t\t\t\t<h2 class=\"woodmart-title-container title  wd-font-weight- wd-fontsize-xxl\" ><em>Send us an Email<\/em><\/h2>\n\t\t\t\t\t\t\t<\/div>\n\t\t\t\n\t\t\t\n\t\t\t\n\t\t<\/div>\n\t\t\n\t\t\t\t<div id=\"wd-682b1142f1cba\" class=\"wd-text-block wd-wpb reset-last-child wd-rs-682b1142f1cba text-left vc_custom_1747652936866\">\n\t\t\t<p>You can also use this form for queries, suggestions or incidents.<\/p>\n<p>We will be deligthed to help you!<\/p>\n\t\t<\/div>\n\t\t[vc_row_inner css=&#8221;.vc_custom_1747653241349{margin-top: 60px !important;}&#8221; woodmart_css_id=&#8221;682b12742d8f6&#8243; responsive_spacing=&#8221;eyJwYXJhbV90eXBlIjoid29vZG1hcnRfcmVzcG9uc2l2ZV9zcGFjaW5nIiwic2VsZWN0b3JfaWQiOiI2ODJiMTI3NDJkOGY2Iiwic2hvcnRjb2RlIjoidmNfcm93X2lubmVyIiwiZGF0YSI6eyJ0YWJsZXQiOnt9LCJtb2JpbGUiOnt9fX0=&#8221; mobile_bg_img_hidden=&#8221;no&#8221; tablet_bg_img_hidden=&#8221;no&#8221; woodmart_parallax=&#8221;0&#8243; woodmart_gradient_switch=&#8221;no&#8221; woodmart_box_shadow=&#8221;no&#8221; wd_z_index=&#8221;no&#8221; woodmart_disable_overflow=&#8221;0&#8243; row_reverse_mobile=&#8221;0&#8243; row_reverse_tablet=&#8221;0&#8243;][vc_column_inner css=&#8221;.vc_custom_1747652808558{margin-top: 0px !important;}&#8221; woodmart_css_id=&#8221;682b10c2b8e73&#8243; parallax_scroll=&#8221;no&#8221; woodmart_sticky_column=&#8221;false&#8221; wd_collapsible_content_switcher=&#8221;no&#8221; wd_column_role_offcanvas_desktop=&#8221;no&#8221; wd_column_role_offcanvas_tablet=&#8221;no&#8221; wd_column_role_offcanvas_mobile=&#8221;no&#8221; wd_column_role_content_desktop=&#8221;no&#8221; wd_column_role_content_tablet=&#8221;no&#8221; wd_column_role_content_mobile=&#8221;no&#8221; mobile_bg_img_hidden=&#8221;no&#8221; tablet_bg_img_hidden=&#8221;no&#8221; woodmart_parallax=&#8221;0&#8243; woodmart_box_shadow=&#8221;no&#8221; responsive_spacing=&#8221;eyJwYXJhbV90eXBlIjoid29vZG1hcnRfcmVzcG9uc2l2ZV9zcGFjaW5nIiwic2VsZWN0b3JfaWQiOiI2ODJiMTBjMmI4ZTczIiwic2hvcnRjb2RlIjoidmNfY29sdW1uX2lubmVyIiwiZGF0YSI6eyJ0YWJsZXQiOnt9LCJtb2JpbGUiOnt9fX0=&#8221; wd_z_index=&#8221;no&#8221;]\n<div class=\"wpcf7 no-js\" id=\"wpcf7-f36335-o1\" lang=\"es-ES\" dir=\"ltr\" data-wpcf7-id=\"36335\">\n<div class=\"screen-reader-response\"><p role=\"status\" aria-live=\"polite\" aria-atomic=\"true\"><\/p> <ul><\/ul><\/div>\n<form action=\"\/en\/wp-json\/wp\/v2\/pages\/36336#wpcf7-f36335-o1\" method=\"post\" class=\"wpcf7-form init wpcf7-acceptance-as-validation\" aria-label=\"Formulario de contacto\" novalidate=\"novalidate\" data-status=\"init\">\n<fieldset class=\"hidden-fields-container\"><input type=\"hidden\" name=\"_wpcf7\" value=\"36335\" \/><input type=\"hidden\" name=\"_wpcf7_version\" value=\"6.1.5\" \/><input type=\"hidden\" name=\"_wpcf7_locale\" value=\"es_ES\" \/><input type=\"hidden\" name=\"_wpcf7_unit_tag\" value=\"wpcf7-f36335-o1\" \/><input type=\"hidden\" name=\"_wpcf7_container_post\" value=\"0\" \/><input type=\"hidden\" name=\"_wpcf7_posted_data_hash\" value=\"\" \/><input type=\"hidden\" name=\"_wpcf7_recaptcha_response\" value=\"\" \/>\n<\/fieldset>\n<p><label> Name <span class=\"wpcf7-form-control-wrap\" data-name=\"Nombre\"><input size=\"40\" maxlength=\"400\" class=\"wpcf7-form-control wpcf7-text wpcf7-validates-as-required\" autocomplete=\"name\" aria-required=\"true\" aria-invalid=\"false\" value=\"\" type=\"text\" name=\"Nombre\" \/><\/span><\/label>\n<\/p>\n<p><label> Email <span class=\"wpcf7-form-control-wrap\" data-name=\"email\"><input size=\"40\" maxlength=\"400\" class=\"wpcf7-form-control wpcf7-email wpcf7-validates-as-required wpcf7-text wpcf7-validates-as-email\" autocomplete=\"email\" aria-required=\"true\" aria-invalid=\"false\" value=\"\" type=\"email\" name=\"email\" \/><\/span><\/label>\n<\/p>\n<p><label> City \/ Country<br \/>\n<span class=\"wpcf7-form-control-wrap\" data-name=\"ciudad-pais\"><input size=\"40\" maxlength=\"400\" class=\"wpcf7-form-control wpcf7-text wpcf7-validates-as-required\" aria-required=\"true\" aria-invalid=\"false\" value=\"\" type=\"text\" name=\"ciudad-pais\" \/><\/span> <\/label>\n<\/p>\n<p><label> Subject<br \/>\n<span class=\"wpcf7-form-control-wrap\" data-name=\"asunto\"><input size=\"40\" maxlength=\"400\" class=\"wpcf7-form-control wpcf7-text wpcf7-validates-as-required\" aria-required=\"true\" aria-invalid=\"false\" value=\"\" type=\"text\" name=\"asunto\" \/><\/span> <\/label>\n<\/p>\n<p><label> Message<br \/>\n<span class=\"wpcf7-form-control-wrap\" data-name=\"mensaje\"><textarea cols=\"40\" rows=\"10\" maxlength=\"2000\" class=\"wpcf7-form-control wpcf7-textarea wpcf7-validates-as-required\" aria-required=\"true\" aria-invalid=\"false\" name=\"mensaje\"><\/textarea><\/span> <\/label>\n<\/p>\n<p><span class=\"wpcf7-form-control-wrap\" data-name=\"Privacidad\"><span class=\"wpcf7-form-control wpcf7-acceptance\"><span class=\"wpcf7-list-item\"><label><input type=\"checkbox\" name=\"Privacidad\" value=\"1\" aria-invalid=\"false\" \/><span class=\"wpcf7-list-item-label\"><span style=\"font-size:16px; line-height: 20px\">I have read the <a style=\"font-weight: 600\" rel=\"nofollow\" href=\"\/en\/legal-notice\">Legal Notice<\/a> and the <a style=\"font-weight: 600\" rel=\"nofollow\" href=\"\/en\/privacy-policy\">Privacy Policy <\/a>.<\/span><\/span><\/label><\/span><\/span><\/span>\n<\/p>\n<div style=\"height:5px\">\n<\/div>\n<span class=\"wpcf7-form-control-wrap recaptcha\" data-name=\"recaptcha\"><span data-sitekey=\"6Le7WF8rAAAAACwGCWjv65tKfaSy6sA9YKUp98JP\" class=\"wpcf7-form-control wpcf7-recaptcha g-recaptcha\"><\/span>\r\n<noscript>\r\n\t<div class=\"grecaptcha-noscript\">\r\n\t\t<iframe loading=\"lazy\" src=\"https:\/\/www.google.com\/recaptcha\/api\/fallback?k=6Le7WF8rAAAAACwGCWjv65tKfaSy6sA9YKUp98JP\" frameborder=\"0\" scrolling=\"no\" width=\"310\" height=\"430\">\r\n\t\t<\/iframe>\r\n\t\t<textarea name=\"g-recaptcha-response\" rows=\"3\" cols=\"40\" placeholder=\"Aqu\u00ed la respuesta de reCAPTCHA\">\r\n\t\t<\/textarea>\r\n\t<\/div>\r\n<\/noscript>\r\n<\/span>\n<div style=\"height:35px\">\n<\/div>\n<p><input class=\"wpcf7-form-control wpcf7-submit has-spinner\" type=\"submit\" value=\"SEND MESSAGE\" \/>\n<\/p><div class=\"wpcf7-response-output\" aria-hidden=\"true\"><\/div>\n<\/form>\n<\/div>\n[\/vc_column_inner][\/vc_row_inner][\/vc_column][vc_column offset=&#8221;vc_col-lg-6 vc_col-md-6&#8243; css=&#8221;.vc_custom_1747652960315{margin-bottom: 20px !important;padding-top: 20px !important;padding-right: 40px !important;padding-bottom: 10px !important;padding-left: 40px !important;}&#8221; woodmart_css_id=&#8221;682b1152cd232&#8243; parallax_scroll=&#8221;no&#8221; woodmart_sticky_column=&#8221;false&#8221; wd_collapsible_content_switcher=&#8221;no&#8221; wd_column_role_offcanvas_desktop=&#8221;no&#8221; wd_column_role_offcanvas_tablet=&#8221;no&#8221; wd_column_role_offcanvas_mobile=&#8221;no&#8221; wd_column_role_content_desktop=&#8221;no&#8221; wd_column_role_content_tablet=&#8221;no&#8221; wd_column_role_content_mobile=&#8221;no&#8221; mobile_bg_img_hidden=&#8221;no&#8221; tablet_bg_img_hidden=&#8221;no&#8221; woodmart_parallax=&#8221;0&#8243; woodmart_box_shadow=&#8221;no&#8221; responsive_spacing=&#8221;eyJwYXJhbV90eXBlIjoid29vZG1hcnRfcmVzcG9uc2l2ZV9zcGFjaW5nIiwic2VsZWN0b3JfaWQiOiI2ODJiMTE1MmNkMjMyIiwic2hvcnRjb2RlIjoidmNfY29sdW1uIiwiZGF0YSI6eyJ0YWJsZXQiOnt9LCJtb2JpbGUiOnt9fX0=&#8221; mobile_reset_margin=&#8221;no&#8221; tablet_reset_margin=&#8221;no&#8221; wd_z_index=&#8221;no&#8221;]\n\t\t<div id=\"wd-684be0d73573b\" class=\"title-wrapper wd-wpb wd-set-mb reset-last-child  wd-rs-684be0d73573b wd-title-color-default wd-title-style-bordered text-left vc_custom_1749803234252 wd-underline-colored\">\n\t\t\t\n\t\t\t<div class=\"liner-continer\">\n\t\t\t\t<h2 class=\"woodmart-title-container title  wd-font-weight- wd-fontsize-xxl\" ><em>Get in touch with us<\/em><\/h2>\n\t\t\t\t\t\t\t<\/div>\n\t\t\t\n\t\t\t\n\t\t\t\n\t\t<\/div>\n\t\t\n\t\t\t\t<div id=\"wd-682b11385d757\" class=\"wd-text-block wd-wpb reset-last-child wd-rs-682b11385d757 text-left vc_custom_1747652928304\">\n\t\t\t<p>Do you have questions about our products, your order or need more information?<\/p>\n<p>Write to us using the form or directly to our email address. Our team will be happy to help you and respond as soon as possible.<\/p>\n\t\t<\/div>\n\t\t[vc_row_inner css=&#8221;.vc_custom_1747653223997{margin-top: 50px !important;margin-bottom: 0px !important;}&#8221; woodmart_css_id=&#8221;682b1262e0f6d&#8221; responsive_spacing=&#8221;eyJwYXJhbV90eXBlIjoid29vZG1hcnRfcmVzcG9uc2l2ZV9zcGFjaW5nIiwic2VsZWN0b3JfaWQiOiI2ODJiMTI2MmUwZjZkIiwic2hvcnRjb2RlIjoidmNfcm93X2lubmVyIiwiZGF0YSI6eyJ0YWJsZXQiOnt9LCJtb2JpbGUiOnt9fX0=&#8221; mobile_bg_img_hidden=&#8221;no&#8221; tablet_bg_img_hidden=&#8221;no&#8221; woodmart_parallax=&#8221;0&#8243; woodmart_gradient_switch=&#8221;no&#8221; woodmart_box_shadow=&#8221;no&#8221; wd_z_index=&#8221;no&#8221; woodmart_disable_overflow=&#8221;0&#8243; row_reverse_mobile=&#8221;0&#8243; row_reverse_tablet=&#8221;0&#8243;][vc_column_inner width=&#8221;1\/2&#8243; css=&#8221;.vc_custom_1747651509738{margin-top: 0px !important;}&#8221; woodmart_css_id=&#8221;682b0bb09935a&#8221; parallax_scroll=&#8221;no&#8221; woodmart_sticky_column=&#8221;false&#8221; wd_collapsible_content_switcher=&#8221;no&#8221; wd_column_role_offcanvas_desktop=&#8221;no&#8221; wd_column_role_offcanvas_tablet=&#8221;no&#8221; wd_column_role_offcanvas_mobile=&#8221;no&#8221; wd_column_role_content_desktop=&#8221;no&#8221; wd_column_role_content_tablet=&#8221;no&#8221; wd_column_role_content_mobile=&#8221;no&#8221; mobile_bg_img_hidden=&#8221;no&#8221; tablet_bg_img_hidden=&#8221;no&#8221; woodmart_parallax=&#8221;0&#8243; woodmart_box_shadow=&#8221;no&#8221; responsive_spacing=&#8221;eyJwYXJhbV90eXBlIjoid29vZG1hcnRfcmVzcG9uc2l2ZV9zcGFjaW5nIiwic2VsZWN0b3JfaWQiOiI2ODJiMGJiMDk5MzVhIiwic2hvcnRjb2RlIjoidmNfY29sdW1uX2lubmVyIiwiZGF0YSI6eyJ0YWJsZXQiOnt9LCJtb2JpbGUiOnt9fX0=&#8221; wd_z_index=&#8221;no&#8221;]\t\t\t<div class=\"info-box-wrapper\">\n\t\t\t\t<div id=\"wd-68318cac75659\" class=\" wd-rs-68318cac75659 wd-info-box wd-wpb text-left box-icon-align-left box-style- color-scheme- wd-bg-none wd-items-top vc_custom_1748077777016\">\n\t\t\t\t\t\t\t\t\t\t\t<div class=\"box-icon-wrapper  box-with-icon box-icon-simple\">\n\t\t\t\t\t\t\t<div class=\"info-box-icon\">\n\t\t\t\t\t\t\t\t\t\t\t\t\t\t\t<\/div>\n\t\t\t\t\t\t<\/div>\n\t\t\t\t\t\t\t\t\t\t<div class=\"info-box-content\">\n\t\t\t\t\t\t\t\t\t\t\t\t<div class=\"info-box-inner reset-last-child\"><p><span style=\"color: #333333; font-weight: 900;\">Contact email:<\/span><br \/>\n<a href=\"mailto:info@kemubox.com\">info@kemubox.com<\/a><\/p>\n<\/div>\n\n\t\t\t\t\t\t\t\t\t\t\t<\/div>\n\n\t\t\t\t\t\n\t\t\t\t\t\t\t\t\t<\/div>\n\t\t\t<\/div>\n\t\t[\/vc_column_inner][vc_column_inner width=&#8221;1\/2&#8243;]\t\t\t<div class=\"info-box-wrapper\">\n\t\t\t\t<div id=\"wd-68318cd3ad095\" class=\" wd-rs-68318cd3ad095 wd-info-box wd-wpb text-left box-icon-align-left box-style- color-scheme- wd-bg-none wd-items-top vc_custom_1748077796027\">\n\t\t\t\t\t\t\t\t\t\t\t<div class=\"box-icon-wrapper  box-with-icon box-icon-simple\">\n\t\t\t\t\t\t\t<div class=\"info-box-icon\">\n\t\t\t\t\t\t\t\t\t\t\t\t\t\t\t<\/div>\n\t\t\t\t\t\t<\/div>\n\t\t\t\t\t\t\t\t\t\t<div class=\"info-box-content\">\n\t\t\t\t\t\t\t\t\t\t\t\t<div class=\"info-box-inner reset-last-child\"><p><span style=\"color: #333333; font-weight: 900;\">Orders:<\/span><br \/>\n<a href=\"mailto:pedidos@kemubox.com\">pedidos@kemubox.com<\/a><\/p>\n<\/div>\n\n\t\t\t\t\t\t\t\t\t\t\t<\/div>\n\n\t\t\t\t\t\n\t\t\t\t\t\t\t\t\t<\/div>\n\t\t\t<\/div>\n\t\t[\/vc_column_inner][\/vc_row_inner]\t\t<div id=\"wd-688f64ca75898\" class=\"wd-text-block wd-wpb reset-last-child wd-rs-688f64ca75898 text-left vc_custom_1754228013062\">\n\t\t\t<h4 style=\"font-size: 20px;\">We fully comply with the Data Protection Policy<\/h4>\n<div style=\"font-weight: 600; font-size: 16px; line-height: 24px;\">RESPONSIBLE: Silvana Paola Viegas Canizzo, owner of the Kemu BOX website. \u2502 MAIN<strong>PURPOSE<\/strong>: To respond to queries and requests for quotes from our teams. \u2502 <strong>LEGITIMACY<\/strong>: Consent of the data subject. <strong>\u2502RECIPIENTS<\/strong>: No data will be transferred to third parties, except with express authorisation or legal obligation. \u2502 <strong>RIGHTS<\/strong>: Access, rectify and delete data, data portability, limitation or opposition to its processing, transparency and the right not to be subject to automated decisions. <strong>ADDITIONAL INFORMATION<\/strong>: You can consult additional and detailed information in our <span style=\"font-weight: 600;\"><a href=\"https:\/\/kemubox.com\/en\/privacy-policy\/\" rel=\"nofollow\">Privacy Policy<\/a>.<\/span><\/div>\n\t\t<\/div>\n\t\t[\/vc_column][\/vc_row]<\/p>\n<\/div>","protected":false},"excerpt":{"rendered":"<p>[vc_row equal_height=&#8221;yes&#8221; css_animation=&#8221;none&#8221; css=&#8221;.vc_custom_1746877089258{margin-top: 80px !important;margin-right: -40px !important;margin-bottom: 80px !important;margin-left: -40px !important;}&#8221; woodmart_css_id=&#8221;681f3a966862e&#8221; responsive_spacing=&#8221;eyJwYXJhbV90eXBlIjoid29vZG1hcnRfcmVzcG9uc2l2ZV9zcGFjaW5nIiwic2VsZWN0b3JfaWQiOiI2ODFmM2E5NjY4NjJlIiwic2hvcnRjb2RlIjoidmNfcm93IiwiZGF0YSI6eyJ0YWJsZXQiOnt9LCJtb2JpbGUiOnt9fX0=&#8221; mobile_bg_img_hidden=&#8221;no&#8221; tablet_bg_img_hidden=&#8221;no&#8221; woodmart_parallax=&#8221;0&#8243; woodmart_gradient_switch=&#8221;no&#8221; woodmart_box_shadow=&#8221;no&#8221; wd_z_index=&#8221;no&#8221;<\/p>\n","protected":false},"author":1,"featured_media":36156,"parent":0,"menu_order":0,"comment_status":"closed","ping_status":"closed","template":"","meta":{"footnotes":""},"class_list":["post-36336","page","type-page","status-publish","has-post-thumbnail","hentry"],"yoast_head":"<!-- This site is optimized with the Yoast SEO plugin v27.2 - https:\/\/yoast.com\/product\/yoast-seo-wordpress\/ -->\n<title>Contact - Kemu BOX - El mejor Juego o Pi\u00f1ata<\/title>\n<meta name=\"robots\" content=\"index, follow, max-snippet:-1, max-image-preview:large, max-video-preview:-1\" \/>\n<link rel=\"canonical\" href=\"https:\/\/kemubox.com\/en\/contact\/\" \/>\n<meta property=\"og:locale\" content=\"en_US\" \/>\n<meta property=\"og:type\" content=\"article\" \/>\n<meta property=\"og:title\" content=\"Contact - Kemu BOX - El mejor Juego o Pi\u00f1ata\" \/>\n<meta property=\"og:description\" content=\"[vc_row equal_height=&#8221;yes&#8221; css_animation=&#8221;none&#8221; css=&#8221;.vc_custom_1746877089258{margin-top: 80px !important;margin-right: -40px !important;margin-bottom: 80px !important;margin-left: -40px !important;}&#8221; woodmart_css_id=&#8221;681f3a966862e&#8221; responsive_spacing=&#8221;eyJwYXJhbV90eXBlIjoid29vZG1hcnRfcmVzcG9uc2l2ZV9zcGFjaW5nIiwic2VsZWN0b3JfaWQiOiI2ODFmM2E5NjY4NjJlIiwic2hvcnRjb2RlIjoidmNfcm93IiwiZGF0YSI6eyJ0YWJsZXQiOnt9LCJtb2JpbGUiOnt9fX0=&#8221; mobile_bg_img_hidden=&#8221;no&#8221; tablet_bg_img_hidden=&#8221;no&#8221; woodmart_parallax=&#8221;0&#8243; woodmart_gradient_switch=&#8221;no&#8221; woodmart_box_shadow=&#8221;no&#8221; wd_z_index=&#8221;no&#8221;\" \/>\n<meta property=\"og:url\" content=\"https:\/\/kemubox.com\/en\/contact\/\" \/>\n<meta property=\"og:site_name\" content=\"Kemu BOX - El mejor Juego o Pi\u00f1ata\" \/>\n<meta property=\"article:modified_time\" content=\"2025-08-03T13:33:35+00:00\" \/>\n<meta property=\"og:image\" content=\"https:\/\/kemubox.com\/wp-content\/uploads\/2025\/05\/parallax-kemu-maker-e1748173990914.jpg\" \/>\n\t<meta property=\"og:image:width\" content=\"2000\" \/>\n\t<meta property=\"og:image:height\" content=\"1097\" \/>\n\t<meta property=\"og:image:type\" content=\"image\/jpeg\" \/>\n<meta name=\"twitter:card\" content=\"summary_large_image\" \/>\n<meta name=\"twitter:label1\" content=\"Est. reading time\" \/>\n\t<meta name=\"twitter:data1\" content=\"3 minutes\" \/>\n<script type=\"application\/ld+json\" class=\"yoast-schema-graph\">{\"@context\":\"https:\/\/schema.org\",\"@graph\":[{\"@type\":\"WebPage\",\"@id\":\"https:\/\/kemubox.com\/en\/contact\/\",\"url\":\"https:\/\/kemubox.com\/en\/contact\/\",\"name\":\"Contact - Kemu BOX - El mejor Juego o Pi\u00f1ata\",\"isPartOf\":{\"@id\":\"https:\/\/kemubox.com\/en\/#website\"},\"primaryImageOfPage\":{\"@id\":\"https:\/\/kemubox.com\/en\/contact\/#primaryimage\"},\"image\":{\"@id\":\"https:\/\/kemubox.com\/en\/contact\/#primaryimage\"},\"thumbnailUrl\":\"https:\/\/kemubox.com\/wp-content\/uploads\/2025\/05\/parallax-kemu-maker-e1748173990914.jpg\",\"datePublished\":\"2021-08-25T09:00:10+00:00\",\"dateModified\":\"2025-08-03T13:33:35+00:00\",\"breadcrumb\":{\"@id\":\"https:\/\/kemubox.com\/en\/contact\/#breadcrumb\"},\"inLanguage\":\"en-US\",\"potentialAction\":[{\"@type\":\"ReadAction\",\"target\":[\"https:\/\/kemubox.com\/en\/contact\/\"]}]},{\"@type\":\"ImageObject\",\"inLanguage\":\"en-US\",\"@id\":\"https:\/\/kemubox.com\/en\/contact\/#primaryimage\",\"url\":\"https:\/\/kemubox.com\/wp-content\/uploads\/2025\/05\/parallax-kemu-maker-e1748173990914.jpg\",\"contentUrl\":\"https:\/\/kemubox.com\/wp-content\/uploads\/2025\/05\/parallax-kemu-maker-e1748173990914.jpg\",\"width\":2000,\"height\":1097},{\"@type\":\"BreadcrumbList\",\"@id\":\"https:\/\/kemubox.com\/en\/contact\/#breadcrumb\",\"itemListElement\":[{\"@type\":\"ListItem\",\"position\":1,\"name\":\"Portada\",\"item\":\"https:\/\/kemubox.com\/en\/\"},{\"@type\":\"ListItem\",\"position\":2,\"name\":\"Contact\"}]},{\"@type\":\"WebSite\",\"@id\":\"https:\/\/kemubox.com\/en\/#website\",\"url\":\"https:\/\/kemubox.com\/en\/\",\"name\":\"Kemubox - tienda online\",\"description\":\"Un juego lleno de sorpresas, desaf\u00edos y premios para todas las edades y ocasiones. Perfecta para cumplea\u00f1os, bodas, teambuilding y cualquier ocasi\u00f3n especial.\",\"publisher\":{\"@id\":\"https:\/\/kemubox.com\/en\/#\/schema\/person\/04587a4462cafc11cf4aaa0eb6f8cde9\"},\"potentialAction\":[{\"@type\":\"SearchAction\",\"target\":{\"@type\":\"EntryPoint\",\"urlTemplate\":\"https:\/\/kemubox.com\/en\/?s={search_term_string}\"},\"query-input\":{\"@type\":\"PropertyValueSpecification\",\"valueRequired\":true,\"valueName\":\"search_term_string\"}}],\"inLanguage\":\"en-US\"},{\"@type\":[\"Person\",\"Organization\"],\"@id\":\"https:\/\/kemubox.com\/en\/#\/schema\/person\/04587a4462cafc11cf4aaa0eb6f8cde9\",\"name\":\"admin\",\"image\":{\"@type\":\"ImageObject\",\"inLanguage\":\"en-US\",\"@id\":\"https:\/\/secure.gravatar.com\/avatar\/459f07f3102a0f5fec546a7f956813de173bd2c1f98f7d7ff2aa3f330c453111?s=96&d=mm&r=g\",\"url\":\"https:\/\/secure.gravatar.com\/avatar\/459f07f3102a0f5fec546a7f956813de173bd2c1f98f7d7ff2aa3f330c453111?s=96&d=mm&r=g\",\"contentUrl\":\"https:\/\/secure.gravatar.com\/avatar\/459f07f3102a0f5fec546a7f956813de173bd2c1f98f7d7ff2aa3f330c453111?s=96&d=mm&r=g\",\"caption\":\"admin\"},\"logo\":{\"@id\":\"https:\/\/secure.gravatar.com\/avatar\/459f07f3102a0f5fec546a7f956813de173bd2c1f98f7d7ff2aa3f330c453111?s=96&d=mm&r=g\"},\"sameAs\":[\"https:\/\/kemubox.com\"]}]}<\/script>\n<!-- \/ Yoast SEO plugin. -->","yoast_head_json":{"title":"Contact - Kemu BOX - El mejor Juego o Pi\u00f1ata","robots":{"index":"index","follow":"follow","max-snippet":"max-snippet:-1","max-image-preview":"max-image-preview:large","max-video-preview":"max-video-preview:-1"},"canonical":"https:\/\/kemubox.com\/en\/contact\/","og_locale":"en_US","og_type":"article","og_title":"Contact - Kemu BOX - El mejor Juego o Pi\u00f1ata","og_description":"[vc_row equal_height=&#8221;yes&#8221; css_animation=&#8221;none&#8221; css=&#8221;.vc_custom_1746877089258{margin-top: 80px !important;margin-right: -40px !important;margin-bottom: 80px !important;margin-left: -40px !important;}&#8221; woodmart_css_id=&#8221;681f3a966862e&#8221; responsive_spacing=&#8221;eyJwYXJhbV90eXBlIjoid29vZG1hcnRfcmVzcG9uc2l2ZV9zcGFjaW5nIiwic2VsZWN0b3JfaWQiOiI2ODFmM2E5NjY4NjJlIiwic2hvcnRjb2RlIjoidmNfcm93IiwiZGF0YSI6eyJ0YWJsZXQiOnt9LCJtb2JpbGUiOnt9fX0=&#8221; mobile_bg_img_hidden=&#8221;no&#8221; tablet_bg_img_hidden=&#8221;no&#8221; woodmart_parallax=&#8221;0&#8243; woodmart_gradient_switch=&#8221;no&#8221; woodmart_box_shadow=&#8221;no&#8221; wd_z_index=&#8221;no&#8221;","og_url":"https:\/\/kemubox.com\/en\/contact\/","og_site_name":"Kemu BOX - El mejor Juego o Pi\u00f1ata","article_modified_time":"2025-08-03T13:33:35+00:00","og_image":[{"width":2000,"height":1097,"url":"https:\/\/kemubox.com\/wp-content\/uploads\/2025\/05\/parallax-kemu-maker-e1748173990914.jpg","type":"image\/jpeg"}],"twitter_card":"summary_large_image","twitter_misc":{"Est. reading time":"3 minutes"},"schema":{"@context":"https:\/\/schema.org","@graph":[{"@type":"WebPage","@id":"https:\/\/kemubox.com\/en\/contact\/","url":"https:\/\/kemubox.com\/en\/contact\/","name":"Contact - Kemu BOX - El mejor Juego o Pi\u00f1ata","isPartOf":{"@id":"https:\/\/kemubox.com\/en\/#website"},"primaryImageOfPage":{"@id":"https:\/\/kemubox.com\/en\/contact\/#primaryimage"},"image":{"@id":"https:\/\/kemubox.com\/en\/contact\/#primaryimage"},"thumbnailUrl":"https:\/\/kemubox.com\/wp-content\/uploads\/2025\/05\/parallax-kemu-maker-e1748173990914.jpg","datePublished":"2021-08-25T09:00:10+00:00","dateModified":"2025-08-03T13:33:35+00:00","breadcrumb":{"@id":"https:\/\/kemubox.com\/en\/contact\/#breadcrumb"},"inLanguage":"en-US","potentialAction":[{"@type":"ReadAction","target":["https:\/\/kemubox.com\/en\/contact\/"]}]},{"@type":"ImageObject","inLanguage":"en-US","@id":"https:\/\/kemubox.com\/en\/contact\/#primaryimage","url":"https:\/\/kemubox.com\/wp-content\/uploads\/2025\/05\/parallax-kemu-maker-e1748173990914.jpg","contentUrl":"https:\/\/kemubox.com\/wp-content\/uploads\/2025\/05\/parallax-kemu-maker-e1748173990914.jpg","width":2000,"height":1097},{"@type":"BreadcrumbList","@id":"https:\/\/kemubox.com\/en\/contact\/#breadcrumb","itemListElement":[{"@type":"ListItem","position":1,"name":"Portada","item":"https:\/\/kemubox.com\/en\/"},{"@type":"ListItem","position":2,"name":"Contact"}]},{"@type":"WebSite","@id":"https:\/\/kemubox.com\/en\/#website","url":"https:\/\/kemubox.com\/en\/","name":"Kemubox - tienda online","description":"Un juego lleno de sorpresas, desaf\u00edos y premios para todas las edades y ocasiones. Perfecta para cumplea\u00f1os, bodas, teambuilding y cualquier ocasi\u00f3n especial.","publisher":{"@id":"https:\/\/kemubox.com\/en\/#\/schema\/person\/04587a4462cafc11cf4aaa0eb6f8cde9"},"potentialAction":[{"@type":"SearchAction","target":{"@type":"EntryPoint","urlTemplate":"https:\/\/kemubox.com\/en\/?s={search_term_string}"},"query-input":{"@type":"PropertyValueSpecification","valueRequired":true,"valueName":"search_term_string"}}],"inLanguage":"en-US"},{"@type":["Person","Organization"],"@id":"https:\/\/kemubox.com\/en\/#\/schema\/person\/04587a4462cafc11cf4aaa0eb6f8cde9","name":"admin","image":{"@type":"ImageObject","inLanguage":"en-US","@id":"https:\/\/secure.gravatar.com\/avatar\/459f07f3102a0f5fec546a7f956813de173bd2c1f98f7d7ff2aa3f330c453111?s=96&d=mm&r=g","url":"https:\/\/secure.gravatar.com\/avatar\/459f07f3102a0f5fec546a7f956813de173bd2c1f98f7d7ff2aa3f330c453111?s=96&d=mm&r=g","contentUrl":"https:\/\/secure.gravatar.com\/avatar\/459f07f3102a0f5fec546a7f956813de173bd2c1f98f7d7ff2aa3f330c453111?s=96&d=mm&r=g","caption":"admin"},"logo":{"@id":"https:\/\/secure.gravatar.com\/avatar\/459f07f3102a0f5fec546a7f956813de173bd2c1f98f7d7ff2aa3f330c453111?s=96&d=mm&r=g"},"sameAs":["https:\/\/kemubox.com"]}]}},"_links":{"self":[{"href":"https:\/\/kemubox.com\/en\/wp-json\/wp\/v2\/pages\/36336","targetHints":{"allow":["GET"]}}],"collection":[{"href":"https:\/\/kemubox.com\/en\/wp-json\/wp\/v2\/pages"}],"about":[{"href":"https:\/\/kemubox.com\/en\/wp-json\/wp\/v2\/types\/page"}],"author":[{"embeddable":true,"href":"https:\/\/kemubox.com\/en\/wp-json\/wp\/v2\/users\/1"}],"replies":[{"embeddable":true,"href":"https:\/\/kemubox.com\/en\/wp-json\/wp\/v2\/comments?post=36336"}],"version-history":[{"count":4,"href":"https:\/\/kemubox.com\/en\/wp-json\/wp\/v2\/pages\/36336\/revisions"}],"predecessor-version":[{"id":36482,"href":"https:\/\/kemubox.com\/en\/wp-json\/wp\/v2\/pages\/36336\/revisions\/36482"}],"wp:featuredmedia":[{"embeddable":true,"href":"https:\/\/kemubox.com\/en\/wp-json\/wp\/v2\/media\/36156"}],"wp:attachment":[{"href":"https:\/\/kemubox.com\/en\/wp-json\/wp\/v2\/media?parent=36336"}],"curies":[{"name":"wp","href":"https:\/\/api.w.org\/{rel}","templated":true}]}}