{"id":36324,"date":"2025-05-24T11:41:43","date_gmt":"2025-05-24T11:41:43","guid":{"rendered":"https:\/\/kemubox.com\/kemu-box-store\/"},"modified":"2025-07-23T16:12:11","modified_gmt":"2025-07-23T16:12:11","slug":"kemu-box-store","status":"publish","type":"page","link":"https:\/\/kemubox.com\/en\/kemu-box-store\/","title":{"rendered":"Kemu BOX Store"},"content":{"rendered":"<div class=\"wpb-content-wrapper\"><p>[vc_row css=&#8221;.vc_custom_1749214315833{margin-top: 80px !important;margin-bottom: 0px !important;}&#8221; woodmart_css_id=&#8221;6842e46680992&#8243; responsive_spacing=&#8221;eyJwYXJhbV90eXBlIjoid29vZG1hcnRfcmVzcG9uc2l2ZV9zcGFjaW5nIiwic2VsZWN0b3JfaWQiOiI2ODQyZTQ2NjgwOTkyIiwic2hvcnRjb2RlIjoidmNfcm93IiwiZGF0YSI6eyJ0YWJsZXQiOnt9LCJtb2JpbGUiOnt9fX0=&#8221; mobile_bg_img_hidden=&#8221;no&#8221; tablet_bg_img_hidden=&#8221;no&#8221; woodmart_parallax=&#8221;0&#8243; woodmart_gradient_switch=&#8221;no&#8221; woodmart_box_shadow=&#8221;no&#8221; wd_z_index=&#8221;no&#8221; woodmart_disable_overflow=&#8221;0&#8243; row_reverse_mobile=&#8221;0&#8243; row_reverse_tablet=&#8221;0&#8243;][vc_column]\n\t\t<div id=\"wd-6842e5a2cb94a\" class=\"title-wrapper wd-wpb wd-set-mb reset-last-child  wd-rs-6842e5a2cb94a wd-title-color-default wd-title-style-default text-center vc_custom_1749214707855 wd-underline-colored\">\n\t\t\t\n\t\t\t<div class=\"liner-continer\">\n\t\t\t\t<h2 class=\"woodmart-title-container title  wd-font-weight-900 wd-fontsize-xxxl\" ><em>Fold, put away... and play again!<\/em><\/h2>\n\t\t\t\t\t\t\t<\/div>\n\t\t\t\n\t\t\t\t\t\t\t<div class=\"title-after_title reset-last-child  wd-fontsize-s\">One of the great advantages of your Kemu BOX is that it &lt;b&gt;doesn&apos;t end with the party&lt;\/b&gt;. After each game, &lt;b&gt;you can easily fold it up and store it&lt;\/b&gt; in its box for use at the next celebration.<\/p>\n<p>&lt;em&gt;More fun, less waste and zero hassle!&lt;\/em&gt;<\/div>\n\t\t\t\n\t\t\t\n\t\t<\/div>\n\t\t\n\t\t[\/vc_column][\/vc_row][vc_row css=&#8221;.vc_custom_1749214523656{margin-top: 40px !important;margin-bottom: 100px !important;}&#8221; woodmart_css_id=&#8221;6842e53501de7&#8243; responsive_spacing=&#8221;eyJwYXJhbV90eXBlIjoid29vZG1hcnRfcmVzcG9uc2l2ZV9zcGFjaW5nIiwic2VsZWN0b3JfaWQiOiI2ODQyZTUzNTAxZGU3Iiwic2hvcnRjb2RlIjoidmNfcm93IiwiZGF0YSI6eyJ0YWJsZXQiOnt9LCJtb2JpbGUiOnt9fX0=&#8221; mobile_bg_img_hidden=&#8221;no&#8221; tablet_bg_img_hidden=&#8221;no&#8221; woodmart_parallax=&#8221;0&#8243; woodmart_gradient_switch=&#8221;no&#8221; woodmart_box_shadow=&#8221;no&#8221; wd_z_index=&#8221;no&#8221; woodmart_disable_overflow=&#8221;0&#8243; row_reverse_mobile=&#8221;0&#8243; row_reverse_tablet=&#8221;0&#8243;][vc_column][vc_row_inner][vc_column_inner width=&#8221;2\/12&#8243;][\/vc_column_inner][vc_column_inner width=&#8221;8\/12&#8243;]\t\t<div class=\"wd-el-video wd-wpb wd-rs-6842e415bae11 wd-action-without wd-video-hosted\">\n\t\t\t\t\t\t\t<video src=\"https:\/\/kemubox.com\/wp-content\/uploads\/2025\/06\/Mi-pelicula-15.mp4\" playsinline loop muted controls autoplay><\/video>\t\t\t\n\t\t\t\n\t\t\t\n\t\t\t\t\t<\/div>\n\t\t[\/vc_column_inner][vc_column_inner width=&#8221;2\/12&#8243;][\/vc_column_inner][\/vc_row_inner][\/vc_column][\/vc_row]<\/p>\n<\/div>","protected":false},"excerpt":{"rendered":"<p>[vc_row css=&#8221;.vc_custom_1749214315833{margin-top: 80px !important;margin-bottom: 0px !important;}&#8221; woodmart_css_id=&#8221;6842e46680992&#8243; responsive_spacing=&#8221;eyJwYXJhbV90eXBlIjoid29vZG1hcnRfcmVzcG9uc2l2ZV9zcGFjaW5nIiwic2VsZWN0b3JfaWQiOiI2ODQyZTQ2NjgwOTkyIiwic2hvcnRjb2RlIjoidmNfcm93IiwiZGF0YSI6eyJ0YWJsZXQiOnt9LCJtb2JpbGUiOnt9fX0=&#8221; mobile_bg_img_hidden=&#8221;no&#8221; tablet_bg_img_hidden=&#8221;no&#8221; woodmart_parallax=&#8221;0&#8243; woodmart_gradient_switch=&#8221;no&#8221; woodmart_box_shadow=&#8221;no&#8221; wd_z_index=&#8221;no&#8221; woodmart_disable_overflow=&#8221;0&#8243; row_reverse_mobile=&#8221;0&#8243; row_reverse_tablet=&#8221;0&#8243;][vc_column][\/vc_column][\/vc_row][vc_row css=&#8221;.vc_custom_1749214523656{margin-top: 40px !important;margin-bottom:<\/p>\n","protected":false},"author":5,"featured_media":36147,"parent":0,"menu_order":0,"comment_status":"closed","ping_status":"closed","template":"","meta":{"footnotes":""},"class_list":["post-36324","page","type-page","status-publish","has-post-thumbnail","hentry"],"yoast_head":"<!-- This site is optimized with the Yoast SEO plugin v27.2 - https:\/\/yoast.com\/product\/yoast-seo-wordpress\/ -->\n<title>Kemu Box Set - Reuse it as many times as you like<\/title>\n<meta name=\"description\" content=\"Kemu BOX doesn&#039;t end with the party. After each game, you can easily fold it up and store it in its box to play again at the next celebration.\" \/>\n<meta name=\"robots\" content=\"index, follow, max-snippet:-1, max-image-preview:large, max-video-preview:-1\" \/>\n<link rel=\"canonical\" href=\"https:\/\/kemubox.com\/en\/kemu-box-store\/\" \/>\n<meta property=\"og:locale\" content=\"en_US\" \/>\n<meta property=\"og:type\" content=\"article\" \/>\n<meta property=\"og:title\" content=\"Kemu Box Set - Reuse it as many times as you like\" \/>\n<meta property=\"og:description\" content=\"Kemu BOX doesn&#039;t end with the party. After each game, you can easily fold it up and store it in its box to play again at the next celebration.\" \/>\n<meta property=\"og:url\" content=\"https:\/\/kemubox.com\/en\/kemu-box-store\/\" \/>\n<meta property=\"og:site_name\" content=\"Kemu BOX - El mejor Juego o Pi\u00f1ata\" \/>\n<meta property=\"article:modified_time\" content=\"2025-07-23T16:12:11+00:00\" \/>\n<meta property=\"og:image\" content=\"https:\/\/kemubox.com\/wp-content\/uploads\/2025\/05\/BACK-Sweet-Mockup-game.jpg\" \/>\n\t<meta property=\"og:image:width\" content=\"1200\" \/>\n\t<meta property=\"og:image:height\" content=\"1200\" \/>\n\t<meta property=\"og:image:type\" content=\"image\/jpeg\" \/>\n<meta name=\"twitter:card\" content=\"summary_large_image\" \/>\n<meta name=\"twitter:label1\" content=\"Est. reading time\" \/>\n\t<meta name=\"twitter:data1\" content=\"2 minutes\" \/>\n<script type=\"application\/ld+json\" class=\"yoast-schema-graph\">{\"@context\":\"https:\/\/schema.org\",\"@graph\":[{\"@type\":\"WebPage\",\"@id\":\"https:\/\/kemubox.com\/en\/kemu-box-store\/\",\"url\":\"https:\/\/kemubox.com\/en\/kemu-box-store\/\",\"name\":\"Kemu Box Set - Reuse it as many times as you like\",\"isPartOf\":{\"@id\":\"https:\/\/kemubox.com\/en\/#website\"},\"primaryImageOfPage\":{\"@id\":\"https:\/\/kemubox.com\/en\/kemu-box-store\/#primaryimage\"},\"image\":{\"@id\":\"https:\/\/kemubox.com\/en\/kemu-box-store\/#primaryimage\"},\"thumbnailUrl\":\"https:\/\/kemubox.com\/wp-content\/uploads\/2025\/05\/BACK-Sweet-Mockup-game.jpg\",\"datePublished\":\"2025-05-24T11:41:43+00:00\",\"dateModified\":\"2025-07-23T16:12:11+00:00\",\"description\":\"Kemu BOX doesn't end with the party. After each game, you can easily fold it up and store it in its box to play again at the next celebration.\",\"breadcrumb\":{\"@id\":\"https:\/\/kemubox.com\/en\/kemu-box-store\/#breadcrumb\"},\"inLanguage\":\"en-US\",\"potentialAction\":[{\"@type\":\"ReadAction\",\"target\":[\"https:\/\/kemubox.com\/en\/kemu-box-store\/\"]}]},{\"@type\":\"ImageObject\",\"inLanguage\":\"en-US\",\"@id\":\"https:\/\/kemubox.com\/en\/kemu-box-store\/#primaryimage\",\"url\":\"https:\/\/kemubox.com\/wp-content\/uploads\/2025\/05\/BACK-Sweet-Mockup-game.jpg\",\"contentUrl\":\"https:\/\/kemubox.com\/wp-content\/uploads\/2025\/05\/BACK-Sweet-Mockup-game.jpg\",\"width\":1200,\"height\":1200},{\"@type\":\"BreadcrumbList\",\"@id\":\"https:\/\/kemubox.com\/en\/kemu-box-store\/#breadcrumb\",\"itemListElement\":[{\"@type\":\"ListItem\",\"position\":1,\"name\":\"Portada\",\"item\":\"https:\/\/kemubox.com\/en\/\"},{\"@type\":\"ListItem\",\"position\":2,\"name\":\"Kemu BOX Store\"}]},{\"@type\":\"WebSite\",\"@id\":\"https:\/\/kemubox.com\/en\/#website\",\"url\":\"https:\/\/kemubox.com\/en\/\",\"name\":\"Kemubox - tienda online\",\"description\":\"Un juego lleno de sorpresas, desaf\u00edos y premios para todas las edades y ocasiones. Perfecta para cumplea\u00f1os, bodas, teambuilding y cualquier ocasi\u00f3n especial.\",\"publisher\":{\"@id\":\"https:\/\/kemubox.com\/en\/#\/schema\/person\/04587a4462cafc11cf4aaa0eb6f8cde9\"},\"potentialAction\":[{\"@type\":\"SearchAction\",\"target\":{\"@type\":\"EntryPoint\",\"urlTemplate\":\"https:\/\/kemubox.com\/en\/?s={search_term_string}\"},\"query-input\":{\"@type\":\"PropertyValueSpecification\",\"valueRequired\":true,\"valueName\":\"search_term_string\"}}],\"inLanguage\":\"en-US\"},{\"@type\":[\"Person\",\"Organization\"],\"@id\":\"https:\/\/kemubox.com\/en\/#\/schema\/person\/04587a4462cafc11cf4aaa0eb6f8cde9\",\"name\":\"admin\",\"image\":{\"@type\":\"ImageObject\",\"inLanguage\":\"en-US\",\"@id\":\"https:\/\/secure.gravatar.com\/avatar\/459f07f3102a0f5fec546a7f956813de173bd2c1f98f7d7ff2aa3f330c453111?s=96&d=mm&r=g\",\"url\":\"https:\/\/secure.gravatar.com\/avatar\/459f07f3102a0f5fec546a7f956813de173bd2c1f98f7d7ff2aa3f330c453111?s=96&d=mm&r=g\",\"contentUrl\":\"https:\/\/secure.gravatar.com\/avatar\/459f07f3102a0f5fec546a7f956813de173bd2c1f98f7d7ff2aa3f330c453111?s=96&d=mm&r=g\",\"caption\":\"admin\"},\"logo\":{\"@id\":\"https:\/\/secure.gravatar.com\/avatar\/459f07f3102a0f5fec546a7f956813de173bd2c1f98f7d7ff2aa3f330c453111?s=96&d=mm&r=g\"},\"sameAs\":[\"https:\/\/kemubox.com\"]}]}<\/script>\n<!-- \/ Yoast SEO plugin. -->","yoast_head_json":{"title":"Kemu Box Set - Reuse it as many times as you like","description":"Kemu BOX doesn't end with the party. After each game, you can easily fold it up and store it in its box to play again at the next celebration.","robots":{"index":"index","follow":"follow","max-snippet":"max-snippet:-1","max-image-preview":"max-image-preview:large","max-video-preview":"max-video-preview:-1"},"canonical":"https:\/\/kemubox.com\/en\/kemu-box-store\/","og_locale":"en_US","og_type":"article","og_title":"Kemu Box Set - Reuse it as many times as you like","og_description":"Kemu BOX doesn't end with the party. After each game, you can easily fold it up and store it in its box to play again at the next celebration.","og_url":"https:\/\/kemubox.com\/en\/kemu-box-store\/","og_site_name":"Kemu BOX - El mejor Juego o Pi\u00f1ata","article_modified_time":"2025-07-23T16:12:11+00:00","og_image":[{"width":1200,"height":1200,"url":"https:\/\/kemubox.com\/wp-content\/uploads\/2025\/05\/BACK-Sweet-Mockup-game.jpg","type":"image\/jpeg"}],"twitter_card":"summary_large_image","twitter_misc":{"Est. reading time":"2 minutes"},"schema":{"@context":"https:\/\/schema.org","@graph":[{"@type":"WebPage","@id":"https:\/\/kemubox.com\/en\/kemu-box-store\/","url":"https:\/\/kemubox.com\/en\/kemu-box-store\/","name":"Kemu Box Set - Reuse it as many times as you like","isPartOf":{"@id":"https:\/\/kemubox.com\/en\/#website"},"primaryImageOfPage":{"@id":"https:\/\/kemubox.com\/en\/kemu-box-store\/#primaryimage"},"image":{"@id":"https:\/\/kemubox.com\/en\/kemu-box-store\/#primaryimage"},"thumbnailUrl":"https:\/\/kemubox.com\/wp-content\/uploads\/2025\/05\/BACK-Sweet-Mockup-game.jpg","datePublished":"2025-05-24T11:41:43+00:00","dateModified":"2025-07-23T16:12:11+00:00","description":"Kemu BOX doesn't end with the party. After each game, you can easily fold it up and store it in its box to play again at the next celebration.","breadcrumb":{"@id":"https:\/\/kemubox.com\/en\/kemu-box-store\/#breadcrumb"},"inLanguage":"en-US","potentialAction":[{"@type":"ReadAction","target":["https:\/\/kemubox.com\/en\/kemu-box-store\/"]}]},{"@type":"ImageObject","inLanguage":"en-US","@id":"https:\/\/kemubox.com\/en\/kemu-box-store\/#primaryimage","url":"https:\/\/kemubox.com\/wp-content\/uploads\/2025\/05\/BACK-Sweet-Mockup-game.jpg","contentUrl":"https:\/\/kemubox.com\/wp-content\/uploads\/2025\/05\/BACK-Sweet-Mockup-game.jpg","width":1200,"height":1200},{"@type":"BreadcrumbList","@id":"https:\/\/kemubox.com\/en\/kemu-box-store\/#breadcrumb","itemListElement":[{"@type":"ListItem","position":1,"name":"Portada","item":"https:\/\/kemubox.com\/en\/"},{"@type":"ListItem","position":2,"name":"Kemu BOX Store"}]},{"@type":"WebSite","@id":"https:\/\/kemubox.com\/en\/#website","url":"https:\/\/kemubox.com\/en\/","name":"Kemubox - tienda online","description":"Un juego lleno de sorpresas, desaf\u00edos y premios para todas las edades y ocasiones. Perfecta para cumplea\u00f1os, bodas, teambuilding y cualquier ocasi\u00f3n especial.","publisher":{"@id":"https:\/\/kemubox.com\/en\/#\/schema\/person\/04587a4462cafc11cf4aaa0eb6f8cde9"},"potentialAction":[{"@type":"SearchAction","target":{"@type":"EntryPoint","urlTemplate":"https:\/\/kemubox.com\/en\/?s={search_term_string}"},"query-input":{"@type":"PropertyValueSpecification","valueRequired":true,"valueName":"search_term_string"}}],"inLanguage":"en-US"},{"@type":["Person","Organization"],"@id":"https:\/\/kemubox.com\/en\/#\/schema\/person\/04587a4462cafc11cf4aaa0eb6f8cde9","name":"admin","image":{"@type":"ImageObject","inLanguage":"en-US","@id":"https:\/\/secure.gravatar.com\/avatar\/459f07f3102a0f5fec546a7f956813de173bd2c1f98f7d7ff2aa3f330c453111?s=96&d=mm&r=g","url":"https:\/\/secure.gravatar.com\/avatar\/459f07f3102a0f5fec546a7f956813de173bd2c1f98f7d7ff2aa3f330c453111?s=96&d=mm&r=g","contentUrl":"https:\/\/secure.gravatar.com\/avatar\/459f07f3102a0f5fec546a7f956813de173bd2c1f98f7d7ff2aa3f330c453111?s=96&d=mm&r=g","caption":"admin"},"logo":{"@id":"https:\/\/secure.gravatar.com\/avatar\/459f07f3102a0f5fec546a7f956813de173bd2c1f98f7d7ff2aa3f330c453111?s=96&d=mm&r=g"},"sameAs":["https:\/\/kemubox.com"]}]}},"_links":{"self":[{"href":"https:\/\/kemubox.com\/en\/wp-json\/wp\/v2\/pages\/36324","targetHints":{"allow":["GET"]}}],"collection":[{"href":"https:\/\/kemubox.com\/en\/wp-json\/wp\/v2\/pages"}],"about":[{"href":"https:\/\/kemubox.com\/en\/wp-json\/wp\/v2\/types\/page"}],"author":[{"embeddable":true,"href":"https:\/\/kemubox.com\/en\/wp-json\/wp\/v2\/users\/5"}],"replies":[{"embeddable":true,"href":"https:\/\/kemubox.com\/en\/wp-json\/wp\/v2\/comments?post=36324"}],"version-history":[{"count":2,"href":"https:\/\/kemubox.com\/en\/wp-json\/wp\/v2\/pages\/36324\/revisions"}],"predecessor-version":[{"id":36326,"href":"https:\/\/kemubox.com\/en\/wp-json\/wp\/v2\/pages\/36324\/revisions\/36326"}],"wp:featuredmedia":[{"embeddable":true,"href":"https:\/\/kemubox.com\/en\/wp-json\/wp\/v2\/media\/36147"}],"wp:attachment":[{"href":"https:\/\/kemubox.com\/en\/wp-json\/wp\/v2\/media?parent=36324"}],"curies":[{"name":"wp","href":"https:\/\/api.w.org\/{rel}","templated":true}]}}